{"id":5195,"date":"2024-08-02T16:35:48","date_gmt":"2024-08-02T14:35:48","guid":{"rendered":"https:\/\/www.hoteldutheatre.ch\/datenschutzrichtlinie\/"},"modified":"2025-09-02T19:02:58","modified_gmt":"2025-09-02T17:02:58","slug":"datenschutzrichtlinie","status":"publish","type":"page","link":"https:\/\/www.hoteldutheatre.ch\/de\/datenschutzrichtlinie\/","title":{"rendered":"Datenschutzrichtlinie"},"content":{"rendered":"\n<p>Diese Datenschutzrichtlinie beschreibt die Methoden zur Erhebung, Speicherung und Nutzung von Informationen \u00fcber Besucher der Website <a href=\"https:\/\/www.hoteldutheatre.ch\">www.hoteldutheatre.ch<\/a>. <br\/>DURCH DIE NUTZUNG DIESER WEBSITE ERKL\u00c4REN SIE SICH MIT DER ERHEBUNG UND NUTZUNG VON INFORMATIONEN GEM\u00c4SS DIESER DATENSCHUTZRICHTLINIE EINVERSTANDEN. SIE STIMMEN AUCH ZU, DASS DIE SUKACITA HOTELS COLLECTION SA NACH EIGENEM ERMESSEN REGELM\u00c4SSIG DEN INHALT DIESES DOKUMENTS \u00c4NDERN, ERG\u00c4NZEN, L\u00d6SCHEN ODER AKTUALISIEREN KANN, OHNE VORHERIGE ANK\u00dcNDIGUNG.<br\/>Wir werden Ihre personenbezogenen Daten stets in \u00dcbereinstimmung mit der zum Zeitpunkt der Erhebung geltenden Datenschutzrichtlinie verarbeiten. Unser Ziel ist es, Sie auf dieser Seite regelm\u00e4\u00dfig \u00fcber m\u00f6gliche \u00c4nderungen dieser Richtlinie zu informieren, damit Sie stets vollst\u00e4ndig wissen, welche Kategorien von Informationen wir sammeln, wie wir diese verwenden und unter welchen Umst\u00e4nden sie weitergegeben werden k\u00f6nnen.<br\/>Unsere Datenschutzrichtlinie befindet sich auf unserer Startseite, ist jedoch auch auf jeder Seite zug\u00e4nglich, auf der personenbezogene Daten abgefragt werden. Gegebenenfalls werden zus\u00e4tzliche Informationen angegeben, zu welchen Zwecken die Daten verwendet werden.      <\/p>\n\n<h2 class=\"wp-block-heading\">1. Verpflichtung zum Datenschutz<\/h2>\n\n<p>Der Begriff \u201epersonenbezogene Daten\u201c, wie er in dieser Datenschutzrichtlinie verwendet wird, bezieht sich auf Informationen, die Sie identifizieren k\u00f6nnen, wie z. B. Ihren Namen, Ihr Geburtsdatum, Ihre E-Mail-Adresse oder Ihre Telefonnummer. Grunds\u00e4tzlich verarbeiten wir Ihre personenbezogenen Daten streng gem\u00e4\u00df den in dieser Richtlinie beschriebenen Verfahren. Wir behalten uns jedoch das Recht vor, anders zu handeln, wenn dies gesetzlich erlaubt oder vorgeschrieben ist oder im Rahmen einer gerichtlichen oder strafrechtlichen Untersuchung erforderlich wird.<br\/>Die folgenden Abschnitte erl\u00e4utern, wie Ihre personenbezogenen Daten erhoben werden.  <\/p>\n\n<h2 class=\"wp-block-heading\">2. Verwendung personenbezogener Daten<\/h2>\n\n<p>Die meisten unserer Dienste erfordern keine Registrierung, sodass Sie unsere Website besuchen k\u00f6nnen, ohne sich identifizieren zu m\u00fcssen. Einige Dienste k\u00f6nnen jedoch die Angabe personenbezogener Daten erfordern. Wenn Sie sich entscheiden, diese Informationen nicht bereitzustellen, kann es sein, dass Sie auf bestimmte Teile der Website nicht zugreifen k\u00f6nnen und wir m\u00f6glicherweise Ihre Anfrage nicht beantworten k\u00f6nnen.  <\/p>\n\n<p>Die Erhebung und Nutzung personenbezogener Daten erm\u00f6glicht es uns, Ihnen Produkte oder Dienstleistungen bereitzustellen, Ihnen die von Ihnen angeforderten Produkte und Dienstleistungen in Rechnung zu stellen, Produkte und Dienstleistungen zu bewerben, die f\u00fcr Sie von Interesse sein k\u00f6nnten, sowie mit Ihnen zu anderen Zwecken zu kommunizieren, die sich entweder aus den Umst\u00e4nden ergeben oder Ihnen zum Zeitpunkt der Anforderung bestimmter personenbezogener Daten erl\u00e4utert werden.<\/p>\n\n<h2 class=\"wp-block-heading\">3. Nichtweitergabe personenbezogener Daten<\/h2>\n\n<p>Ihre personenbezogenen Daten werden niemals verkauft, weitergegeben oder Dritten offengelegt, au\u00dfer in den in dieser Richtlinie vorgesehenen F\u00e4llen. Ihre personenbezogenen Daten k\u00f6nnen jedoch an Dritte weitergegeben werden, die in unserem Auftrag f\u00fcr bestimmte Zwecke handeln, und zwar im Einklang mit den Zielen, f\u00fcr die sie urspr\u00fcnglich erhoben wurden. Sie k\u00f6nnen stets im rechtlichen Rahmen verarbeitet werden, beispielsweise im Zusammenhang mit Dienstleistungen, der Bewertung der N\u00fctzlichkeit dieser Website, Marketing, Datenverwaltung oder technischem Support.<br\/>Diese Dritten sind vertraglich verpflichtet, Ihre personenbezogenen Daten ausschlie\u00dflich f\u00fcr die vereinbarten Zwecke zu verwenden, Ihre Daten nicht an Dritte zu verkaufen und sie nicht an andere weiterzugeben, es sei denn, dies ist gesetzlich vorgeschrieben, wurde von uns ausdr\u00fccklich genehmigt oder ist in dieser Richtlinie vorgesehen.  <\/p>\n\n<p>Erhobene personenbezogene Daten k\u00f6nnen auch an Dritte \u00fcbertragen werden, wenn der Verkauf, die Abtretung oder die \u00dcbertragung s\u00e4mtlicher oder eines Teils der Aktivit\u00e4ten dieser Website erfolgt, einschlie\u00dflich der damit verbundenen Kundendaten. In diesem Fall verlangen wir vom Erwerber, Abtretungsempf\u00e4nger oder \u00dcbertragungsempf\u00e4nger, dass er die personenbezogenen Daten gem\u00e4\u00df dieser Datenschutzrichtlinie verarbeitet.<br\/>Dar\u00fcber hinaus k\u00f6nnen personenbezogene Daten an Dritte weitergegeben werden, wenn wir hierzu durch ein Gesetz, eine gerichtliche Anordnung oder eine beh\u00f6rdliche Vorschrift verpflichtet sind oder wenn die Offenlegung dieser Daten im Rahmen einer Untersuchung oder eines Gerichts-\/Strafverfahrens im In- oder Ausland erforderlich ist.  <\/p>\n\n<h2 class=\"wp-block-heading\">4. Recht auf Auskunft, Berichtigung und Widerspruch<\/h2>\n\n<p>Wenn wir personenbezogene Daten verarbeiten, treffen wir angemessene Ma\u00dfnahmen, um sicherzustellen, dass diese Daten korrekt sind und den Zwecken dienen, f\u00fcr die sie erhoben wurden. Sie haben die M\u00f6glichkeit, der Verarbeitung Ihrer personenbezogenen Daten zu widersprechen, sofern diese Verarbeitung nicht f\u00fcr einen in dieser Richtlinie beschriebenen berechtigten gesch\u00e4ftlichen Zweck erforderlich ist oder um gesetzlichen Verpflichtungen nachzukommen. Bei direktem elektronischem Marketing k\u00f6nnen Sie \u2013 soweit gesetzlich vorgeschrieben \u2013 den Erhalt von Werbung abbestellen oder die gew\u00fcnschte Zustellmethode w\u00e4hlen.<br\/>Wenn Sie uns bez\u00fcglich der Verwendung Ihrer personenbezogenen Daten kontaktieren oder der Verarbeitung widersprechen m\u00f6chten, senden Sie bitte eine E-Mail an info@hoteldutheatre.ch. Bitte geben Sie den Namen der Website an, auf der Sie Ihre Daten bereitgestellt haben, pr\u00e4zisieren Sie, welche Informationen wir berichtigen, aktualisieren oder l\u00f6schen sollen, und weisen Sie sich aus.<br\/>Antr\u00e4ge auf L\u00f6schung personenbezogener Daten unterliegen allen gesetzlichen oder ethischen Verpflichtungen, die uns in Bezug auf Berichterstattung sowie Aufbewahrung und Archivierung von Unterlagen treffen.     <\/p>\n\n<h2 class=\"wp-block-heading\">5. Sicherheit und Vertraulichkeit<\/h2>\n\n<p>Um die Sicherheit und Vertraulichkeit der von uns online erhobenen personenbezogenen Daten zu gew\u00e4hrleisten, nutzen wir gesch\u00fctzte Datennetze, die unter anderem durch branchen\u00fcbliche Firewalls und Passw\u00f6rter gesichert sind. Bei der Verarbeitung Ihrer personenbezogenen Daten ergreifen wir geeignete Ma\u00dfnahmen, um diese Informationen vor Verlust, Missbrauch, unbefugtem Zugriff, Offenlegung, \u00c4nderung und L\u00f6schung zu sch\u00fctzen. <\/p>\n\n<h2 class=\"wp-block-heading\">6. Cookies und Datenerhebung<\/h2>\n\n<p>Wir k\u00f6nnen Informationen \u00fcber Ihren Besuch auf dieser Website erheben und verarbeiten, wie z. B. die von Ihnen besuchten Seiten, die Website, von der Sie gekommen sind, sowie bestimmte Suchanfragen, die Sie durchgef\u00fchrt haben. Wir verwenden diese Informationen, um die Inhalte dieser Website zu verbessern und aggregierte Statistiken \u00fcber die Nutzer unserer Website f\u00fcr interne Marketingstudien zu erstellen.<br\/>Zu diesem Zweck k\u00f6nnen wir \u201eCookies\u201c einsetzen, um den Domainnamen des Nutzers, Ihren Internetanbieter, Ihr Betriebssystem sowie Datum und Uhrzeit des Zugriffs zu erfassen. Ein \u201eCookie\u201c ist eine kleine Informationseinheit, die an Ihren Browser gesendet und auf der Festplatte Ihres Computers gespeichert wird. Cookies sind f\u00fcr Ihren Computer unbedenklich.<br\/>Sie k\u00f6nnen Ihren Browser so einstellen, dass Sie beim Empfang eines \u201eCookies\u201c benachrichtigt werden, sodass Sie entscheiden k\u00f6nnen, ob Sie diesen akzeptieren oder nicht. Wenn Sie nicht m\u00f6chten, dass wir Cookies installieren, senden Sie uns bitte eine E-Mail an info@hoteldutheatre.ch. Bitte beachten Sie jedoch, dass Sie m\u00f6glicherweise nicht alle Funktionen Ihres Browsers nutzen k\u00f6nnen, wenn Sie die Installation von Cookies ablehnen.<br\/>Wir k\u00f6nnen die Dienste Dritter in Anspruch nehmen, um die in diesem Abschnitt beschriebenen Informationen zu erheben und zu verarbeiten.        <\/p>\n\n<p>Wir k\u00f6nnen gelegentlich Web-Beacons (auch als Tracking-Pixel, unsichtbare GIFs oder Clear-Pixel bezeichnet) und Cookies auf dieser Website einsetzen, die \u00fcber einen Drittanbieter f\u00fcr Werbung oder einen Partner f\u00fcr Webanalyse-Dienste bereitgestellt werden. Diese k\u00f6nnen im Ausland ans\u00e4ssig sein und solche Informationen (einschlie\u00dflich Ihrer IP-Adresse) dort speichern.<br\/>Diese Beacons und Cookies werden in Online-Werbeanzeigen platziert, die Nutzer auf diese Website f\u00fchren, sowie auf verschiedenen Seiten dieser Website. Wir verwenden diese Technologie, um den Traffic auf unseren Websites und die Wirksamkeit unserer Werbekampagnen zu messen (einschlie\u00dflich der Anzahl der Seitenaufrufe und der Art der angesehenen Informationen) sowie um Ihre Nutzung dieser Website zu bewerten.   Diese Beacons\/Cookies k\u00f6nnen Drittpartnern oder Webanalyse-Dienstleistern erm\u00f6glichen, Daten \u00fcber Besucher unserer Websites und anderer Websites zu erheben, in unserem Auftrag Berichte \u00fcber die Website-Aktivit\u00e4ten zu erstellen und weitere Dienstleistungen im Zusammenhang mit der Nutzung der Website und des Internets anzubieten. Diese Partner und Dienstleister k\u00f6nnen solche Informationen an Dritte weitergeben, wenn dies gesetzlich vorgeschrieben ist oder wenn sie diese Dritten beauftragen, Informationen in ihrem Auftrag zu verarbeiten. F\u00fcr weitere Informationen \u00fcber die im Rahmen der Online-Werbung verwendeten Web-Beacons oder Cookies oder um der Datenerhebung durch Dritte zu widersprechen, besuchen Sie bitte die Website der Network Advertising Initiative: <a href=\"https:\/\/www.networkadvertising.org\/\" target=\"_blank\" rel=\"noreferrer noopener\">http:\/\/www.networkadvertising.org<\/a>.<\/p>\n\n<p><strong>Google Analytics<\/strong><br\/>Wir verwenden Google Analytics, um unsere Website zu optimieren und benutzerfreundlicher zu gestalten. (i) durch die Optimierung des Traffics und (ii) durch die Integration und Optimierung von Webseiten, soweit zutreffend. \u201eGoogle Analytics\u201c ist ein Dienst von Google Inc. das detaillierte Statistiken \u00fcber den Website-Traffic und die Traffic-Quellen erstellt und die Konversionsraten sowie Verk\u00e4ufe misst. Google Analytics verwendet \u201eCookies\u201c, die auf Ihrem Computer gespeichert werden, um das Besucherverhalten auf unserer Website zu analysieren.<\/p>\n\n<p>Die durch die Cookies erzeugten Informationen \u00fcber Ihre Nutzung unserer Website, einschlie\u00dflich Ihrer IP-Adresse, werden mithilfe der entsprechenden Einstellung (\u201e_anonymizeIp()\u201c oder einer gleichwertigen Funktion) anonymisiert und an die Server von Google in den USA \u00fcbertragen. F\u00fcr weitere Informationen \u00fcber die Funktionsweise der IP-Anonymisierung besuchen Sie bitte die folgende Seite: <a href=\"https:\/\/support.google.com\/analytics\/answer\/2763052\" target=\"_blank\" rel=\"noreferrer noopener\">https:\/\/support.google.com\/analytics\/answer\/2763052<\/a>.<\/p>\n\n<p>Google wird die durch die Cookies erzeugten Informationen in unserem Auftrag verwenden, um die Nutzung unserer Website auszuwerten, Berichte \u00fcber die Website-Aktivit\u00e4ten zu erstellen und uns diese Berichte zu Analysezwecken bereitzustellen.<\/p>\n\n<p>Google kann diese Informationen an Dritte \u00fcbertragen, wenn dies gesetzlich vorgeschrieben ist oder wenn diese Dritten die Daten im Auftrag von Google verarbeiten. Google wird in keinem Fall Ihre IP-Adresse mit anderen bei Google gespeicherten Daten zusammenf\u00fchren oder verkn\u00fcpfen.<\/p>\n\n<p>Sie k\u00f6nnen die Installation und Speicherung von Cookies in den Einstellungen Ihres Browsers verhindern oder unterbrechen oder das Google Analytics Opt-out Browser-Add-on unter folgender Adresse herunterladen und installieren: <a href=\"https:\/\/tools.google.com\/dlpage\/gaoptout?hl=fr\" target=\"_blank\" rel=\"noreferrer noopener\">https:\/\/tools.google.com\/dlpage\/gaoptout?hl=fr<\/a>. In diesem Fall k\u00f6nnen Sie m\u00f6glicherweise nicht mehr alle Funktionen unserer Website nutzen.<\/p>\n\n<p>Durch die Nutzung unserer Website stimmen Sie der Verarbeitung aller \u00fcber Sie von Google erhobenen Daten gem\u00e4\u00df den oben beschriebenen Bedingungen und Zwecken zu.<\/p>\n\n<h2 class=\"wp-block-heading\">7. Links zu anderen Websites<\/h2>\n\n<p>Diese Datenschutzrichtlinie gilt ausschlie\u00dflich f\u00fcr diese Website und nicht f\u00fcr Websites Dritter. Wir k\u00f6nnen Links zu anderen Websites anbieten, von denen wir annehmen, dass sie f\u00fcr unsere Besucher von Interesse sind. Wir bem\u00fchen uns, sicherzustellen, dass diese Websites hohe Standards erf\u00fcllen. Aufgrund der Eigenheiten des Internets k\u00f6nnen wir jedoch nicht garantieren, dass alle verlinkten Websites hohe Standards beim Schutz personenbezogener Daten einhalten, noch k\u00f6nnen wir f\u00fcr deren Inhalte verantwortlich gemacht werden. Zudem gilt diese Richtlinie nicht f\u00fcr Websites au\u00dferhalb der SUKACITA HOTELS COLLECTION SA, auf die solche Links verweisen.<\/p>\n\n<h2 class=\"wp-block-heading\">8. Kontakt<\/h2>\n\n<p>Wenn Sie Anfragen oder Beschwerden zur Einhaltung dieser Datenschutzrichtlinie einreichen m\u00f6chten oder Vorschl\u00e4ge bzw. Kommentare zu deren Verbesserung haben, schreiben Sie uns bitte an info@hoteldutheatre.ch.<\/p>\n","protected":false},"excerpt":{"rendered":"<p>Diese Datenschutzrichtlinie beschreibt die Methoden zur Erhebung, Speicherung und Nutzung von Informationen \u00fcber Besucher der Website www.hoteldutheatre.ch. DURCH DIE NUTZUNG DIESER WEBSITE ERKL\u00c4REN SIE SICH MIT DER ERHEBUNG UND NUTZUNG VON INFORMATIONEN GEM\u00c4SS DIESER DATENSCHUTZRICHTLINIE EINVERSTANDEN. SIE STIMMEN AUCH ZU, DASS DIE SUKACITA HOTELS COLLECTION SA NACH EIGENEM ERMESSEN REGELM\u00c4SSIG DEN INHALT DIESES DOKUMENTS \u00c4NDERN, [&hellip;]<\/p>\n","protected":false},"author":1,"featured_media":0,"parent":0,"menu_order":78,"comment_status":"closed","ping_status":"closed","template":"","meta":{"_acf_changed":false,"footnotes":""},"class_list":["post-5195","page","type-page","status-publish","hentry"],"acf":[],"aioseo_notices":[],"_links":{"self":[{"href":"https:\/\/www.hoteldutheatre.ch\/de\/wp-json\/wp\/v2\/pages\/5195","targetHints":{"allow":["GET"]}}],"collection":[{"href":"https:\/\/www.hoteldutheatre.ch\/de\/wp-json\/wp\/v2\/pages"}],"about":[{"href":"https:\/\/www.hoteldutheatre.ch\/de\/wp-json\/wp\/v2\/types\/page"}],"author":[{"embeddable":true,"href":"https:\/\/www.hoteldutheatre.ch\/de\/wp-json\/wp\/v2\/users\/1"}],"replies":[{"embeddable":true,"href":"https:\/\/www.hoteldutheatre.ch\/de\/wp-json\/wp\/v2\/comments?post=5195"}],"version-history":[{"count":1,"href":"https:\/\/www.hoteldutheatre.ch\/de\/wp-json\/wp\/v2\/pages\/5195\/revisions"}],"predecessor-version":[{"id":5196,"href":"https:\/\/www.hoteldutheatre.ch\/de\/wp-json\/wp\/v2\/pages\/5195\/revisions\/5196"}],"wp:attachment":[{"href":"https:\/\/www.hoteldutheatre.ch\/de\/wp-json\/wp\/v2\/media?parent=5195"}],"curies":[{"name":"wp","href":"https:\/\/api.w.org\/{rel}","templated":true}]}}