{"id":5187,"date":"2024-07-23T11:39:13","date_gmt":"2024-07-23T09:39:13","guid":{"rendered":"https:\/\/www.hoteldutheatre.ch\/spezialangebote-partner\/"},"modified":"2025-09-05T14:57:20","modified_gmt":"2025-09-05T12:57:20","slug":"spezialangebote-partner","status":"publish","type":"page","link":"https:\/\/www.hoteldutheatre.ch\/de\/spezialangebote-partner\/","title":{"rendered":"Spezialangebote &amp; Partner"},"content":{"rendered":"\n\n    <section class=\"wp-block tile-list page-section \" id=\"offres-speciales\" style=\"\">\n        <div class=\"row\">\n                            <div class=\"room-item col-lg-6 col-md-12\">\n                                            <div class=\"row\">\n                            <div class=\"col-10 img-zone\">\n                                                                <div class=\"single-item\">\n                                                                            <div><img decoding=\"async\" src=\"https:\/\/www.hoteldutheatre.ch\/app\/uploads\/sites\/3\/2024\/08\/velobikes-575x390.png\" class=\"width-100\" \/><\/div>\n                                                                    <\/div>\n                            <\/div>\n                            <div class=\"col-2 room-nav\">\n                                                            <\/div>\n                        <\/div>\n                                        <div class=\"row\">\n                        <div class=\"col-md-10 offset-md-2\">\n                            <div class=\"white-box \">\n                                                                    <h3>Entdecken Sie die Region mit Bikeslab<\/h3>\n                                                                                                    <p data-start=\"766\" data-end=\"997\">Erleben Sie Yverdon auf zwei R\u00e4dern mit unserem Partner <strong data-start=\"822\" data-end=\"834\">Bikeslab<\/strong>. Nur wenige Gehminuten vom Hotel entfernt bietet Bikeslab eine gro\u00dfe Auswahl an Fahrr\u00e4dern zur Miete an: Citybikes, Mountainbikes, E-Bikes und auch Kindervelos.<\/p>\n<p data-start=\"999\" data-end=\"1257\">F\u00fcr noch mehr Komfort k\u00f6nnen die Fahrr\u00e4der auch direkt ins Hotel geliefert werden. Ob gem\u00fctliche Fahrt am Seeufer, Ausflug in die Waadtl\u00e4nder Landschaft oder sportliches Abenteuer \u2013 hier finden Sie das passende Fahrrad f\u00fcr ein unvergessliches Erlebnis.<\/p>\n<p>&nbsp;<\/p>\n                                                                                                    <a class=\"link\" href=\"https:\/\/www.bikeslab.ch\/de\/\" target=\"_blank\">Entdecken Sie deren Fahrradangebot:<\/a>\n                                                            <\/div>\n                        <\/div>\n                    <\/div>\n                <\/div>\n                            <div class=\"room-item col-lg-6 col-md-12\">\n                                            <div class=\"row\">\n                            <div class=\"col-10 img-zone\">\n                                                                <div class=\"slider-room-item\">\n                                                                            <div><img decoding=\"async\" src=\"https:\/\/www.hoteldutheatre.ch\/app\/uploads\/sites\/3\/2025\/08\/F81D5DF1-AC4E-4C1F-8BA1-24DDAA538ECA_1_105_c-575x390.jpeg\" class=\"width-100\" \/><\/div>\n                                                                            <div><img decoding=\"async\" src=\"https:\/\/www.hoteldutheatre.ch\/app\/uploads\/sites\/3\/2025\/08\/DD09C50E-96D7-4EF2-9D50-CF5572936A8C_1_105_c-575x390.jpg\" class=\"width-100\" \/><\/div>\n                                                                            <div><img decoding=\"async\" src=\"https:\/\/www.hoteldutheatre.ch\/app\/uploads\/sites\/3\/2025\/08\/CFE4A0EA-B1B8-4A0B-B3DA-D4087FF964E1_1_102_a-575x390.jpeg\" class=\"width-100\" \/><\/div>\n                                                                    <\/div>\n                            <\/div>\n                            <div class=\"col-2 room-nav\">\n                                                                    <div class=\"slider-nav float-right\">\n                                        <ul class=\"room-slider-nav\">\n                                            <li class=\"prev\"><i class=\"fal fa-angle-left\"><\/i><\/li>\n                                            <li class=\"next\"><i class=\"fal fa-angle-right\"><\/i><\/li>\n                                        <\/ul>\n                                        <div class=\"pagingInfo\">\n                                            <span class=\"current\"><\/span>\n                                            <div class=\"timeline\"><\/div>\n                                            <span class=\"total\"><\/span>\n                                        <\/div>\n                                    <\/div>\n                                                            <\/div>\n                        <\/div>\n                                        <div class=\"row\">\n                        <div class=\"col-md-10 offset-md-2\">\n                            <div class=\"white-box \">\n                                                                    <h3>Golf Vuissens \u2013 Natur, Eleganz &amp; Leistung<\/h3>\n                                                                                                    <p>Nur 25 Minuten vom Hotel du Th\u00e9\u00e2tre entfernt hei\u00dft Sie der Golf Club Vuissens auf einem au\u00dfergew\u00f6hnlichen 18-Loch-Platz willkommen, eingebettet in ein Waldgebiet zwischen Waadt und Freiburg. Der Platz ist bekannt f\u00fcr die Qualit\u00e4t seiner Fairways und die Sch\u00f6nheit der Umgebung und eignet sich sowohl f\u00fcr Anf\u00e4nger als auch f\u00fcr erfahrene Spieler.<\/p>\n<ul>\n<li>Technischer, h\u00fcgeliger und abwechslungsreicher Parcours<\/li>\n<li>Gr\u00fcne, ruhige Umgebung zwischen Wald und Lichtungen<\/li>\n<li>Clubhaus mit Restaurant und Panoramaterrasse<\/li>\n<\/ul>\n<p><strong>Exklusiver Vorteil:<\/strong> Unsere G\u00e4ste profitieren von Vorzugstarifen auf Greenfees dank unserer Partnerschaft mit dem Golf Vuissens. Buchen Sie Ihre Startzeit an der Rezeption und genie\u00dfen Sie ein einzigartiges Golferlebnis w\u00e4hrend Ihres Aufenthalts in Yverdon.<\/p>\n                                                                                                    <a class=\"link\" href=\"https:\/\/www.golfvuissens.ch\/\" target=\"_blank\">Golf entdecken<\/a>\n                                                            <\/div>\n                        <\/div>\n                    <\/div>\n                <\/div>\n                            <div class=\"room-item col-lg-6 col-md-12\">\n                                            <div class=\"row\">\n                            <div class=\"col-10 img-zone\">\n                                                                <div class=\"single-item\">\n                                                                            <div><img decoding=\"async\" src=\"https:\/\/www.hoteldutheatre.ch\/app\/uploads\/sites\/3\/2025\/07\/IMG_5551-575x390.jpeg\" class=\"width-100\" \/><\/div>\n                                                                    <\/div>\n                            <\/div>\n                            <div class=\"col-2 room-nav\">\n                                                            <\/div>\n                        <\/div>\n                                        <div class=\"row\">\n                        <div class=\"col-md-10 offset-md-2\">\n                            <div class=\"white-box \">\n                                                                    <h3>Unsere Empfehlungen<\/h3>\n                                                                                                    <p>Ob f\u00fcr einen Kurzaufenthalt oder eine l\u00e4ngere Reise \u2013 die lokale Gastronomie zu entdecken, geh\u00f6rt immer dazu. Damit Sie das kulinarische Angebot Yverdons genie\u00dfen k\u00f6nnen, haben wir einige unserer Lieblingsadressen ausgew\u00e4hlt.<\/p>\n<p>Von traditioneller K\u00fcche bis zu internationalen Aromen, von lebhaften Lokalen bis zu intimen Adressen \u2013 hier unsere Empfehlungen.<\/p>\n                                                                                                    <a class=\"link\" href=\"https:\/\/maps.app.goo.gl\/wSYaCyT1nMwyjpkc6\" target=\"_self\">Unsere Restaurantauswahl<\/a>\n                                                            <\/div>\n                        <\/div>\n                    <\/div>\n                <\/div>\n                            <div class=\"room-item col-lg-6 col-md-12\">\n                                            <div class=\"row\">\n                            <div class=\"col-10 img-zone\">\n                                                                <div class=\"slider-room-item\">\n                                                                            <div><img decoding=\"async\" src=\"https:\/\/www.hoteldutheatre.ch\/app\/uploads\/sites\/3\/2025\/08\/IMG_5044-575x390.jpg\" class=\"width-100\" \/><\/div>\n                                                                            <div><img decoding=\"async\" src=\"https:\/\/www.hoteldutheatre.ch\/app\/uploads\/sites\/3\/2025\/08\/IMG_4969-575x390.jpg\" class=\"width-100\" \/><\/div>\n                                                                            <div><img decoding=\"async\" src=\"https:\/\/www.hoteldutheatre.ch\/app\/uploads\/sites\/3\/2025\/08\/IMG_5392-2-575x390.jpg\" class=\"width-100\" \/><\/div>\n                                                                            <div><img decoding=\"async\" src=\"https:\/\/www.hoteldutheatre.ch\/app\/uploads\/sites\/3\/2025\/08\/IMG_5394-2-575x390.jpg\" class=\"width-100\" \/><\/div>\n                                                                    <\/div>\n                            <\/div>\n                            <div class=\"col-2 room-nav\">\n                                                                    <div class=\"slider-nav float-right\">\n                                        <ul class=\"room-slider-nav\">\n                                            <li class=\"prev\"><i class=\"fal fa-angle-left\"><\/i><\/li>\n                                            <li class=\"next\"><i class=\"fal fa-angle-right\"><\/i><\/li>\n                                        <\/ul>\n                                        <div class=\"pagingInfo\">\n                                            <span class=\"current\"><\/span>\n                                            <div class=\"timeline\"><\/div>\n                                            <span class=\"total\"><\/span>\n                                        <\/div>\n                                    <\/div>\n                                                            <\/div>\n                        <\/div>\n                                        <div class=\"row\">\n                        <div class=\"col-md-10 offset-md-2\">\n                            <div class=\"white-box \">\n                                                                    <h3>Restaurant La Terrasse<\/h3>\n                                                                                                    <p>Das Restaurant La Terrasse empf\u00e4ngt Sie in einem eleganten und zugleich warmen Ambiente, wo die Eleganz des Ortes auf aufmerksamen Service trifft. Bei sch\u00f6nem Wetter bietet die Terrasse einen besonderen Moment der Entspannung.<\/p>\n<p>Die K\u00fcche verbindet Tradition und Kreativit\u00e4t und hebt frische, lokale und saisonale Produkte hervor. Der K\u00fcchenchef feiert die authentischen Aromen der Region mit Finesse und schafft ein einzigartiges sensorisches Erlebnis.<\/p>\n<p><strong>Exklusiver Vorteil:<\/strong> Willkommensgetr\u00e4nk auf der Terrasse f\u00fcr Direktbuchungen an der Rezeption.<\/p>\n                                                                                                    <a class=\"link\" href=\"https:\/\/www.laprairiehotel.ch\/restaurant-banquets-mariages\" target=\"_self\">Le restaurant<\/a>\n                                                            <\/div>\n                        <\/div>\n                    <\/div>\n                <\/div>\n                    <\/div>\n    <\/section>\n\n\n\n    <section class=\"wp-block page-section text-carrousel panel-color frame  \"  style=\"\" data-color=\"gold\">\n\n                    <div class=\"text-carrousel-inner\">\n                <div class=\"row row-reverse-mob row-reverse-desktop-s row-reverse\">\n                    <div class=\"col-xl-6 offset-xl-6 col-lg-10 offset-lg-2 content-area\">\n                        <div class=\"white-box scroll-box parallax-el\" data-parallax-ratio=\"10\" data-parallax-speed=\"0.6\" data-scroll-speed=\"7\">\n\n                                                            <span>Im Hotel<\/span>\n                                                                                        <h2>Profitieren Sie das ganze Jahr \u00fcber von unseren speziellen Angeboten.<\/h2>\n                                                                                                                    <a class=\"link\" href=\"https:\/\/www.hoteldutheatre.ch\/forfaits\/\" target=\"_self\">D\u00e9couvrez nos forfaits<\/a>\n                                                                                <\/div>\n                    <\/div>\n                                            <div class=\"col-xl-8 col-lg-10 p-0-mob img-area\">\n                                                        <div class=\"section-single-img\">\n                                                                    <div class=\"image\">\n                                        <img decoding=\"async\" src=\"https:\/\/www.hoteldutheatre.ch\/app\/uploads\/sites\/3\/2025\/08\/IMG_9429-950x640.jpg\" alt=\"\" class=\"width-100\" \/>\n                                    <\/div>\n                                                            <\/div>\n                        <\/div>\n                    \n                <\/div>\n            <\/div>\n            <\/section>\n\n\n\n<h2 class=\"wp-block-heading has-text-align-center\"><strong>Warten Sie nicht l\u00e4nger<\/strong><\/h2>\n\n\n\n<p class=\"has-text-align-center\">Genie\u00dfen Sie besten Service, exklusive Vorteile und die Sicherheit eines rundum gelungenen Aufenthalts.<\/p>\n\n\n\n<div class=\"wp-block-buttons is-content-justification-center is-layout-flex wp-container-core-buttons-is-layout-16018d1d wp-block-buttons-is-layout-flex\">\n<div class=\"wp-block-button\"><a class=\"wp-block-button__link wp-element-button\" href=\"https:\/\/app.mews.com\/distributor\/be13ebbd-f17a-4275-85b4-b21a00b1e522\">Jetzt buchen<\/a><\/div>\n<\/div>\n\n\n\n<div style=\"height:100px\" aria-hidden=\"true\" class=\"wp-block-spacer\"><\/div>\n\n\n\n    <div class=\"row gallery-row \"  style=\"\">\n        <div class=\"lightgallery\">\n                                                                                                                                                                                                        <div class=\"col-lg-4 col-md-6 col-sm-12 pointer video-box\" data-src=\"https:\/\/www.hoteldutheatre.ch\/app\/uploads\/sites\/3\/2025\/08\/1673C6E4-4986-47AB-9AB3-32C7901A1979_1_102_a-1920x1080.jpg\" data-sub-html=\"\">\n                            <div>\n                                <a href=\"#\">\n                                    <img loading=\"lazy\" decoding=\"async\" src=\"https:\/\/www.hoteldutheatre.ch\/app\/uploads\/sites\/3\/2025\/08\/1673C6E4-4986-47AB-9AB3-32C7901A1979_1_102_a-640x430.jpg\" class=\"width-100\" width=\"640\" height=\"430\" \/>\n                                <\/a>\n                            <\/div>\n                        <\/div>\n                                                                                                            <div class=\"col-lg-4 col-md-6 col-sm-12 pointer video-box\" data-src=\"https:\/\/www.hoteldutheatre.ch\/app\/uploads\/sites\/3\/2024\/08\/Yverdon3.jpg\" data-sub-html=\"\">\n                            <div>\n                                <a href=\"#\">\n                                    <img loading=\"lazy\" decoding=\"async\" src=\"https:\/\/www.hoteldutheatre.ch\/app\/uploads\/sites\/3\/2024\/08\/Yverdon3-640x430.jpg\" class=\"width-100\" width=\"640\" height=\"430\" \/>\n                                <\/a>\n                            <\/div>\n                        <\/div>\n                                                                                                                                                                            <div class=\"col-lg-4 col-md-6 col-sm-12 pointer video-box\" data-src=\"https:\/\/www.hoteldutheatre.ch\/app\/uploads\/sites\/3\/2025\/08\/A248A771-4090-40E1-9675-E39971FEEBB9_1_105_c-1920x1080.jpeg\" data-sub-html=\"\">\n                            <div>\n                                <a href=\"#\">\n                                    <img loading=\"lazy\" decoding=\"async\" src=\"https:\/\/www.hoteldutheatre.ch\/app\/uploads\/sites\/3\/2025\/08\/A248A771-4090-40E1-9675-E39971FEEBB9_1_105_c-640x430.jpeg\" class=\"width-100\" width=\"640\" height=\"430\" \/>\n                                <\/a>\n                            <\/div>\n                        <\/div>\n                                                        <\/div>\n    <\/div>\n\n","protected":false},"excerpt":{"rendered":"<p>Warten Sie nicht l\u00e4nger Genie\u00dfen Sie besten Service, exklusive Vorteile und die Sicherheit eines rundum gelungenen Aufenthalts.<\/p>\n","protected":false},"author":1,"featured_media":4749,"parent":0,"menu_order":69,"comment_status":"closed","ping_status":"closed","template":"","meta":{"_acf_changed":false,"footnotes":""},"class_list":["post-5187","page","type-page","status-publish","has-post-thumbnail","hentry"],"acf":[],"aioseo_notices":[],"_links":{"self":[{"href":"https:\/\/www.hoteldutheatre.ch\/de\/wp-json\/wp\/v2\/pages\/5187","targetHints":{"allow":["GET"]}}],"collection":[{"href":"https:\/\/www.hoteldutheatre.ch\/de\/wp-json\/wp\/v2\/pages"}],"about":[{"href":"https:\/\/www.hoteldutheatre.ch\/de\/wp-json\/wp\/v2\/types\/page"}],"author":[{"embeddable":true,"href":"https:\/\/www.hoteldutheatre.ch\/de\/wp-json\/wp\/v2\/users\/1"}],"replies":[{"embeddable":true,"href":"https:\/\/www.hoteldutheatre.ch\/de\/wp-json\/wp\/v2\/comments?post=5187"}],"version-history":[{"count":4,"href":"https:\/\/www.hoteldutheatre.ch\/de\/wp-json\/wp\/v2\/pages\/5187\/revisions"}],"predecessor-version":[{"id":5307,"href":"https:\/\/www.hoteldutheatre.ch\/de\/wp-json\/wp\/v2\/pages\/5187\/revisions\/5307"}],"wp:featuredmedia":[{"embeddable":true,"href":"https:\/\/www.hoteldutheatre.ch\/de\/wp-json\/wp\/v2\/media\/4749"}],"wp:attachment":[{"href":"https:\/\/www.hoteldutheatre.ch\/de\/wp-json\/wp\/v2\/media?parent=5187"}],"curies":[{"name":"wp","href":"https:\/\/api.w.org\/{rel}","templated":true}]}}