{"id":5183,"date":"2024-07-24T08:45:26","date_gmt":"2024-07-24T06:45:26","guid":{"rendered":"https:\/\/www.hoteldutheatre.ch\/unsere-services\/"},"modified":"2025-12-10T13:22:55","modified_gmt":"2025-12-10T12:22:55","slug":"unsere-services","status":"publish","type":"page","link":"https:\/\/www.hoteldutheatre.ch\/de\/unsere-services\/","title":{"rendered":"Unsere Services"},"content":{"rendered":"\n<h2 class=\"wp-block-heading has-text-align-center has-secondary-color-color has-text-color has-link-color wp-elements-2bb57d08b0ce259cf8c032b5a20791c0\"><strong>Alles, was Sie f\u00fcr einen komfortablen und unvergesslichen Aufenthalt brauchen<\/strong><\/h2>\n\n\n\n<p class=\"has-text-align-center\">Im Hotel du Th\u00e9\u00e2tre setzen wir auf Einfaches, das mit Sorgfalt gestaltet ist \u2013 f\u00fcr Ihren Komfort. <br>Egal ob Kurzaufenthalt oder mehrere Tage: Bei uns genie\u00dfen Sie praktische Services \u2013 stets mit einem L\u00e4cheln.<\/p>\n\n\n\n    <section class=\"wp-block page-section text-carrousel panel-color frame  \"  style=\"\" data-color=\"gold\">\n\n                    <div class=\"text-carrousel-inner\">\n                <div class=\"row row-reverse-mob row-reverse-desktop-s \">\n                    <div class=\"col-xl-6 col-lg-10 content-area\">\n                        <div class=\"white-box scroll-box parallax-el\" data-parallax-ratio=\"10\" data-parallax-speed=\"0.6\" data-scroll-speed=\"7\">\n\n                                                            <span>F\u00fcr einen guten Start in den Tag<\/span>\n                                                                                        <h2>Lokales Fr\u00fchst\u00fcck<\/h2>\n                                                                                        <p data-start=\"3352\" data-end=\"3498\">Jeden Morgen erwartet Sie ein reichhaltiges und frisches Buffet im Fr\u00fchst\u00fccksraum oder, bei sch\u00f6nem Wetter, im Innenhof.<\/p>\n<ul>\n<li data-start=\"3502\" data-end=\"3599\">Lokale Produkte: Eier, K\u00e4se, Aufschnitt, Joghurts, Obst, Brote, Geb\u00e4ck, hausgemachte Konfit\u00fcren<\/li>\n<li data-start=\"3602\" data-end=\"3641\">Fruchts\u00e4fte, Kaffee, hochwertige Tees<\/li>\n<li data-start=\"3644\" data-end=\"3688\">Vegetarische und vegane Optionen verf\u00fcgbar<\/li>\n<li data-start=\"3691\" data-end=\"3778\"><strong>Serviert von 7:00 bis 10:00 Uhr an Wochentagen &amp; von 7:30 bis 11:00 Uhr am Wochenende<\/strong><\/li>\n<\/ul>\n                                                                                                            <\/div>\n                    <\/div>\n                                            <div class=\"col-xl-8 offset-xl-4 col-lg-10 offset-lg-2 p-0-mob img-area\">\n                                                        <div class=\"section-slider\">\n                                                                    <div class=\"image\">\n                                        <img decoding=\"async\" src=\"https:\/\/www.hoteldutheatre.ch\/app\/uploads\/sites\/3\/2025\/08\/IMG_2615-950x640.jpg\" alt=\"\" class=\"width-100\" \/>\n                                    <\/div>\n                                                                    <div class=\"image\">\n                                        <img decoding=\"async\" src=\"https:\/\/www.hoteldutheatre.ch\/app\/uploads\/sites\/3\/2025\/08\/IMG_7464-950x640.jpg\" alt=\"\" class=\"width-100\" \/>\n                                    <\/div>\n                                                                    <div class=\"image\">\n                                        <img decoding=\"async\" src=\"https:\/\/www.hoteldutheatre.ch\/app\/uploads\/sites\/3\/2025\/08\/IMG_7471-2-950x640.jpg\" alt=\"\" class=\"width-100\" \/>\n                                    <\/div>\n                                                                    <div class=\"image\">\n                                        <img decoding=\"async\" src=\"https:\/\/www.hoteldutheatre.ch\/app\/uploads\/sites\/3\/2025\/08\/IMG_9396-950x640.jpg\" alt=\"\" class=\"width-100\" \/>\n                                    <\/div>\n                                                                    <div class=\"image\">\n                                        <img decoding=\"async\" src=\"https:\/\/www.hoteldutheatre.ch\/app\/uploads\/sites\/3\/2025\/08\/IMG_9403-950x640.jpg\" alt=\"\" class=\"width-100\" \/>\n                                    <\/div>\n                                                                    <div class=\"image\">\n                                        <img decoding=\"async\" src=\"https:\/\/www.hoteldutheatre.ch\/app\/uploads\/sites\/3\/2025\/08\/IMG_9406-950x640.jpg\" alt=\"\" class=\"width-100\" \/>\n                                    <\/div>\n                                                                    <div class=\"image\">\n                                        <img decoding=\"async\" src=\"https:\/\/www.hoteldutheatre.ch\/app\/uploads\/sites\/3\/2025\/08\/IMG_9411-950x640.jpg\" alt=\"\" class=\"width-100\" \/>\n                                    <\/div>\n                                                                    <div class=\"image\">\n                                        <img decoding=\"async\" src=\"https:\/\/www.hoteldutheatre.ch\/app\/uploads\/sites\/3\/2025\/08\/IMG_9412-950x640.jpg\" alt=\"\" class=\"width-100\" \/>\n                                    <\/div>\n                                                                    <div class=\"image\">\n                                        <img decoding=\"async\" src=\"https:\/\/www.hoteldutheatre.ch\/app\/uploads\/sites\/3\/2025\/08\/IMG_9414-3-950x640.jpg\" alt=\"\" class=\"width-100\" \/>\n                                    <\/div>\n                                                                    <div class=\"image\">\n                                        <img decoding=\"async\" src=\"https:\/\/www.hoteldutheatre.ch\/app\/uploads\/sites\/3\/2025\/08\/IMG_9425-950x640.jpg\" alt=\"\" class=\"width-100\" \/>\n                                    <\/div>\n                                                            <\/div>\n                        <\/div>\n                    \n                <\/div>\n            <\/div>\n            <\/section>\n\n\n\n    <section class=\"wp-block page-section text-carrousel panel-color frame  \"  style=\"\" data-color=\"gold\">\n\n                    <div class=\"text-carrousel-inner\">\n                <div class=\"row row-reverse-mob row-reverse-desktop-s row-reverse\">\n                    <div class=\"col-xl-6 offset-xl-6 col-lg-10 offset-lg-2 content-area\">\n                        <div class=\"white-box scroll-box parallax-el\" data-parallax-ratio=\"10\" data-parallax-speed=\"0.6\" data-scroll-speed=\"7\">\n\n                                                            <span>F\u00fcr einen sch\u00f6nen Tagesausklang<\/span>\n                                                                                        <h2>Die Th\u00e9\u00e2tre-Bar<\/h2>\n                                                                                        <p data-start=\"3822\" data-end=\"3952\">Ein ruhiger und eleganter Ort, um ein Getr\u00e4nk zu genie\u00dfen, sich zu unterhalten oder einfach zu entspannen.<\/p>\n<ul>\n<li data-start=\"3956\" data-end=\"3997\">Ged\u00e4mpfte Atmosph\u00e4re, modernes Mobiliar<\/li>\n<li data-start=\"4000\" data-end=\"4053\">Auswahl an Weinen, Softdrinks und lokalen Getr\u00e4nken<\/li>\n<li data-start=\"4056\" data-end=\"4088\">T\u00e4glich ge\u00f6ffnet bis 23:00 Uhr<\/li>\n<li data-start=\"4091\" data-end=\"4139\">Direkter Zugang zum Innenhof an sonnigen Tagen<\/li>\n<\/ul>\n                                                                                                            <\/div>\n                    <\/div>\n                                            <div class=\"col-xl-8 col-lg-10 p-0-mob img-area\">\n                                                        <div class=\"section-slider\">\n                                                                    <div class=\"image\">\n                                        <img decoding=\"async\" src=\"https:\/\/www.hoteldutheatre.ch\/app\/uploads\/sites\/3\/2025\/08\/DUTHEATRE_juni17_RUPA_0613_mini-950x640.jpg\" alt=\"\" class=\"width-100\" \/>\n                                    <\/div>\n                                                                    <div class=\"image\">\n                                        <img decoding=\"async\" src=\"https:\/\/www.hoteldutheatre.ch\/app\/uploads\/sites\/3\/2025\/08\/IMG_4856-950x640.jpg\" alt=\"\" class=\"width-100\" \/>\n                                    <\/div>\n                                                                    <div class=\"image\">\n                                        <img decoding=\"async\" src=\"https:\/\/www.hoteldutheatre.ch\/app\/uploads\/sites\/3\/2025\/08\/DUTHEATRE_juni17_RUPA_0602_mini-950x640.jpg\" alt=\"\" class=\"width-100\" \/>\n                                    <\/div>\n                                                                    <div class=\"image\">\n                                        <img decoding=\"async\" src=\"https:\/\/www.hoteldutheatre.ch\/app\/uploads\/sites\/3\/2025\/08\/IMG_7538-1-950x640.jpg\" alt=\"\" class=\"width-100\" \/>\n                                    <\/div>\n                                                                    <div class=\"image\">\n                                        <img decoding=\"async\" src=\"https:\/\/www.hoteldutheatre.ch\/app\/uploads\/sites\/3\/2025\/08\/IMG_7536-950x640.jpg\" alt=\"\" class=\"width-100\" \/>\n                                    <\/div>\n                                                                    <div class=\"image\">\n                                        <img decoding=\"async\" src=\"https:\/\/www.hoteldutheatre.ch\/app\/uploads\/sites\/3\/2025\/08\/IMG_7540-950x640.jpg\" alt=\"\" class=\"width-100\" \/>\n                                    <\/div>\n                                                            <\/div>\n                        <\/div>\n                    \n                <\/div>\n            <\/div>\n            <\/section>\n\n\n\n    <section class=\"wp-block page-section text-carrousel panel-color frame  \"  style=\"\" data-color=\"gold\">\n\n                    <div class=\"text-carrousel-inner\">\n                <div class=\"row row-reverse-mob row-reverse-desktop-s \">\n                    <div class=\"col-xl-6 col-lg-10 content-area\">\n                        <div class=\"white-box scroll-box parallax-el\" data-parallax-ratio=\"10\" data-parallax-speed=\"0.6\" data-scroll-speed=\"7\">\n\n                                                            <span>Cour int\u00e9rieure &amp; Jardin<\/span>\n                                                                                        <h2> Une oasis au c\u0153ur de la ville<\/h2>\n                                                                                        <h4 data-start=\"4146\" data-end=\"4167\">Innenhof &amp; Garten<\/h4>\n<p data-start=\"4169\" data-end=\"4459\"><strong data-start=\"4169\" data-end=\"4202\">Eine Oase im Herzen der Stadt<\/strong><br data-start=\"4202\" data-end=\"4205\" \/>Das H\u00f4tel du Th\u00e9\u00e2tre bietet auch einen einzigartigen Au\u00dfenbereich im Zentrum von Yverdon-les-Bains. Abseits des st\u00e4dtischen Trubels bieten unser Innenhof und unser privater Garten eine ruhige, gr\u00fcne Umgebung \u2013 perfekt zum Entspannen zu jeder Tageszeit.<\/p>\n<p data-start=\"4461\" data-end=\"4479\"><strong data-start=\"4461\" data-end=\"4477\">Der Innenhof<\/strong><\/p>\n<ul>\n<li data-start=\"4482\" data-end=\"4581\">Zwei teilweise \u00fcberdachte, gem\u00fctliche und ruhige Terrassen, ge\u00f6ffnet sobald es das Wetter zul\u00e4sst<\/li>\n<li data-start=\"4584\" data-end=\"4644\">Fr\u00fchst\u00fcck oder Aperitif im Freien w\u00e4hrend der sch\u00f6nen Tage<\/li>\n<li data-start=\"4647\" data-end=\"4747\">Ein Boule-\/P\u00e9tanque-Platz steht zur Verf\u00fcgung, um zu spielen und einen angenehmen Moment zu teilen<\/li>\n<li data-start=\"4750\" data-end=\"4831\">Ein beruhigender Ort, um zu lesen, sich zu unterhalten oder einfach zu genie\u00dfen<\/li>\n<\/ul>\n<p data-start=\"4833\" data-end=\"4849\"><strong data-start=\"4833\" data-end=\"4847\">Der Garten<\/strong><\/p>\n<ul>\n<li data-start=\"4852\" data-end=\"4931\">Eine nat\u00fcrliche Ecke f\u00fcr Entspannung, Lesen oder sogar ein kleines Nickerchen<\/li>\n<li data-start=\"4934\" data-end=\"5040\">Ruhig, mit B\u00e4umen, perfekt um nach dem Fr\u00fchst\u00fcck oder am sp\u00e4ten Nachmittag die Entspannung zu verl\u00e4ngern<\/li>\n<\/ul>\n<p data-start=\"5042\" data-end=\"5182\">Genie\u00dfen Sie diese Bereiche frei \u2013 sie sind darauf ausgelegt, Ruhe, Komfort und Wohlbefinden w\u00e4hrend Ihres gesamten Aufenthalts zu bieten.<\/p>\n                                                                                                            <\/div>\n                    <\/div>\n                                            <div class=\"col-xl-8 offset-xl-4 col-lg-10 offset-lg-2 p-0-mob img-area\">\n                                                        <div class=\"section-slider\">\n                                                                    <div class=\"image\">\n                                        <img decoding=\"async\" src=\"https:\/\/www.hoteldutheatre.ch\/app\/uploads\/sites\/3\/2025\/08\/IMG_3195-950x640.jpg\" alt=\"\" class=\"width-100\" \/>\n                                    <\/div>\n                                                                    <div class=\"image\">\n                                        <img decoding=\"async\" src=\"https:\/\/www.hoteldutheatre.ch\/app\/uploads\/sites\/3\/2025\/08\/IMG_4874-950x640.jpg\" alt=\"\" class=\"width-100\" \/>\n                                    <\/div>\n                                                                    <div class=\"image\">\n                                        <img decoding=\"async\" src=\"https:\/\/www.hoteldutheatre.ch\/app\/uploads\/sites\/3\/2025\/08\/IMG_8424-1-1-950x640.jpg\" alt=\"\" class=\"width-100\" \/>\n                                    <\/div>\n                                                            <\/div>\n                        <\/div>\n                    \n                <\/div>\n            <\/div>\n            <\/section>\n\n\n\n    <section class=\"wp-block page-section text-carrousel panel-color frame  \"  style=\"\" data-color=\"gold\">\n\n                    <div class=\"text-carrousel-inner\">\n                <div class=\"row row-reverse-mob row-reverse-desktop-s row-reverse\">\n                    <div class=\"col-xl-6 offset-xl-6 col-lg-10 offset-lg-2 content-area\">\n                        <div class=\"white-box scroll-box parallax-el\" data-parallax-ratio=\"10\" data-parallax-speed=\"0.6\" data-scroll-speed=\"7\">\n\n                                                            <span>F\u00fcr noch mehr Komfort<\/span>\n                                                                                        <h2>Privatparkplatz &amp; Sicherer Fahrradraum<\/h2>\n                                                                                        <p data-start=\"5216\" data-end=\"5295\">Kein l\u00e4stiges Herumkreisen mehr!<\/p>\n<ul>\n<li data-start=\"5299\" data-end=\"5342\">Reservierte Parkpl\u00e4tze hinter dem Geb\u00e4ude<\/li>\n<li data-start=\"5345\" data-end=\"5383\">Geschlossener und gesicherter Zugang<\/li>\n<li data-start=\"5386\" data-end=\"5423\">Auf Reservierung (begrenzte Pl\u00e4tze)<\/li>\n<li data-start=\"5426\" data-end=\"5454\">Preis: CHF 12.00 pro Nacht<\/li>\n<\/ul>\n<p data-start=\"5456\" data-end=\"5511\">\n<p data-start=\"5456\" data-end=\"5511\">Und weil wir auch Zweiradliebhaber willkommen hei\u00dfen:<\/p>\n<ul>\n<li data-start=\"5515\" data-end=\"5563\">Verschlossener Innenraum, mit Badge zug\u00e4nglich<\/li>\n<li data-start=\"5566\" data-end=\"5588\">Abstellm\u00f6glichkeiten<\/li>\n<li data-start=\"5591\" data-end=\"5615\">Fahrradpumpe vorhanden<\/li>\n<li data-start=\"5618\" data-end=\"5696\">Zertifiziertes Bike Hotel \u2013 ideal f\u00fcr Radwanderer oder naturverbundene G\u00e4ste<\/li>\n<li data-start=\"5699\" data-end=\"5717\">Preis: Kostenlos<\/li>\n<\/ul>\n                                                                                                            <\/div>\n                    <\/div>\n                                            <div class=\"col-xl-8 col-lg-10 p-0-mob img-area\">\n                                                        <div class=\"section-slider\">\n                                                                    <div class=\"image\">\n                                        <img decoding=\"async\" src=\"https:\/\/www.hoteldutheatre.ch\/app\/uploads\/sites\/3\/2025\/08\/IMG_8239-950x640.jpg\" alt=\"\" class=\"width-100\" \/>\n                                    <\/div>\n                                                                    <div class=\"image\">\n                                        <img decoding=\"async\" src=\"https:\/\/www.hoteldutheatre.ch\/app\/uploads\/sites\/3\/2025\/08\/IMG_8440-1-950x640.jpg\" alt=\"\" class=\"width-100\" \/>\n                                    <\/div>\n                                                                    <div class=\"image\">\n                                        <img decoding=\"async\" src=\"https:\/\/www.hoteldutheatre.ch\/app\/uploads\/sites\/3\/2025\/08\/IMG_7519-950x640.jpg\" alt=\"\" class=\"width-100\" \/>\n                                    <\/div>\n                                                                    <div class=\"image\">\n                                        <img decoding=\"async\" src=\"https:\/\/www.hoteldutheatre.ch\/app\/uploads\/sites\/3\/2025\/08\/IMG_7520-1-950x640.jpg\" alt=\"\" class=\"width-100\" \/>\n                                    <\/div>\n                                                                    <div class=\"image\">\n                                        <img decoding=\"async\" src=\"https:\/\/www.hoteldutheatre.ch\/app\/uploads\/sites\/3\/2025\/08\/IMG_7520-2-950x640.jpg\" alt=\"\" class=\"width-100\" \/>\n                                    <\/div>\n                                                            <\/div>\n                        <\/div>\n                    \n                <\/div>\n            <\/div>\n            <\/section>\n\n\n\n    <section class=\"wp-block page-section text-carrousel panel-color frame  \"  style=\"\" data-color=\"gold\">\n\n                    <div class=\"text-carrousel-inner\">\n                <div class=\"row row-reverse-mob row-reverse-desktop-s \">\n                    <div class=\"col-xl-6 col-lg-10 content-area\">\n                        <div class=\"white-box scroll-box parallax-el\" data-parallax-ratio=\"10\" data-parallax-speed=\"0.6\" data-scroll-speed=\"7\">\n\n                                                            <span>Inklusive oder auf Anfrage<\/span>\n                                                                                        <h2>Weitere Dienstleistungen<\/h2>\n                                                                                        <ul>\n<li data-start=\"5789\" data-end=\"5839\">Schnelles und kostenloses WLAN im gesamten Hotel<\/li>\n<li data-start=\"5842\" data-end=\"5915\">Wasserkocher auf Anfrage an der Rezeption (inkl. Tassen und Teebeuteln)<\/li>\n<li data-start=\"5918\" data-end=\"5930\">Gep\u00e4ckraum<\/li>\n<li data-start=\"5933\" data-end=\"5941\">Aufzug<\/li>\n<li data-start=\"5944\" data-end=\"5964\">Flexibler Check-in<\/li>\n<li data-start=\"5967\" data-end=\"6001\">Babybett \/ Hochstuhl auf Anfrage<\/li>\n<\/ul>\n                                                                                                            <\/div>\n                    <\/div>\n                                            <div class=\"col-xl-8 offset-xl-4 col-lg-10 offset-lg-2 p-0-mob img-area\">\n                                                        <div class=\"section-slider\">\n                                                                    <div class=\"image\">\n                                        <img decoding=\"async\" src=\"https:\/\/www.hoteldutheatre.ch\/app\/uploads\/sites\/3\/2025\/08\/DUTHEATRE_juni17_RUPA_0004_mini-950x640.jpg\" alt=\"\" class=\"width-100\" \/>\n                                    <\/div>\n                                                                    <div class=\"image\">\n                                        <img decoding=\"async\" src=\"https:\/\/www.hoteldutheatre.ch\/app\/uploads\/sites\/3\/2025\/08\/IMG_8202-950x640.jpg\" alt=\"\" class=\"width-100\" \/>\n                                    <\/div>\n                                                                    <div class=\"image\">\n                                        <img decoding=\"async\" src=\"https:\/\/www.hoteldutheatre.ch\/app\/uploads\/sites\/3\/2025\/08\/IMG_8246-950x640.jpg\" alt=\"\" class=\"width-100\" \/>\n                                    <\/div>\n                                                                    <div class=\"image\">\n                                        <img decoding=\"async\" src=\"https:\/\/www.hoteldutheatre.ch\/app\/uploads\/sites\/3\/2025\/08\/IMG_9439-950x640.jpg\" alt=\"\" class=\"width-100\" \/>\n                                    <\/div>\n                                                            <\/div>\n                        <\/div>\n                    \n                <\/div>\n            <\/div>\n            <\/section>\n\n\n\n<h2 class=\"wp-block-heading has-text-align-center\"><strong>Machen Sie das Beste aus Ihrem Aufenthalt:<\/strong><\/h2>\n\n\n\n<p class=\"has-text-align-center\">Unsere Services sind auf Ihren Komfort ausgerichtet. Reservieren Sie ganz bequem bei unserem Team und profitieren Sie von pers\u00f6nlichem, unkompliziertem Service.<\/p>\n\n\n\n<div class=\"wp-block-buttons is-content-justification-center is-layout-flex wp-container-core-buttons-is-layout-16018d1d wp-block-buttons-is-layout-flex\">\n<div class=\"wp-block-button\"><a class=\"wp-block-button__link wp-element-button\" href=\"https:\/\/app.mews.com\/distributor\/be13ebbd-f17a-4275-85b4-b21a00b1e522\">Jetzt buchen<\/a><\/div>\n<\/div>\n","protected":false},"excerpt":{"rendered":"<p>Alles, was Sie f\u00fcr einen komfortablen und unvergesslichen Aufenthalt brauchen Im Hotel du Th\u00e9\u00e2tre setzen wir auf Einfaches, das mit Sorgfalt gestaltet ist \u2013 f\u00fcr Ihren Komfort. Egal ob Kurzaufenthalt oder mehrere Tage: Bei uns genie\u00dfen Sie praktische Services \u2013 stets mit einem L\u00e4cheln. Machen Sie das Beste aus Ihrem Aufenthalt: Unsere Services sind auf [&hellip;]<\/p>\n","protected":false},"author":1,"featured_media":3413,"parent":0,"menu_order":64,"comment_status":"closed","ping_status":"closed","template":"","meta":{"_acf_changed":false,"footnotes":""},"class_list":["post-5183","page","type-page","status-publish","has-post-thumbnail","hentry"],"acf":[],"aioseo_notices":[],"_links":{"self":[{"href":"https:\/\/www.hoteldutheatre.ch\/de\/wp-json\/wp\/v2\/pages\/5183","targetHints":{"allow":["GET"]}}],"collection":[{"href":"https:\/\/www.hoteldutheatre.ch\/de\/wp-json\/wp\/v2\/pages"}],"about":[{"href":"https:\/\/www.hoteldutheatre.ch\/de\/wp-json\/wp\/v2\/types\/page"}],"author":[{"embeddable":true,"href":"https:\/\/www.hoteldutheatre.ch\/de\/wp-json\/wp\/v2\/users\/1"}],"replies":[{"embeddable":true,"href":"https:\/\/www.hoteldutheatre.ch\/de\/wp-json\/wp\/v2\/comments?post=5183"}],"version-history":[{"count":3,"href":"https:\/\/www.hoteldutheatre.ch\/de\/wp-json\/wp\/v2\/pages\/5183\/revisions"}],"predecessor-version":[{"id":6012,"href":"https:\/\/www.hoteldutheatre.ch\/de\/wp-json\/wp\/v2\/pages\/5183\/revisions\/6012"}],"wp:featuredmedia":[{"embeddable":true,"href":"https:\/\/www.hoteldutheatre.ch\/de\/wp-json\/wp\/v2\/media\/3413"}],"wp:attachment":[{"href":"https:\/\/www.hoteldutheatre.ch\/de\/wp-json\/wp\/v2\/media?parent=5183"}],"curies":[{"name":"wp","href":"https:\/\/api.w.org\/{rel}","templated":true}]}}