{"id":5178,"date":"2024-08-02T15:33:44","date_gmt":"2024-08-02T13:33:44","guid":{"rendered":"https:\/\/www.hoteldutheatre.ch\/unser-hotel\/ueber-uns\/"},"modified":"2025-09-02T22:20:25","modified_gmt":"2025-09-02T20:20:25","slug":"ueber-uns","status":"publish","type":"page","link":"https:\/\/www.hoteldutheatre.ch\/de\/unser-hotel\/ueber-uns\/","title":{"rendered":"\u00dcber uns"},"content":{"rendered":"\n    <\/div>\n            <section class=\"wp-block content-section frame page-section \"  style=\"\">\n            <div class=\"container\">\n                <div class=\"row\">\n                    <div class=\"col-lg-5 col-md-12 left-content \">\n                        <h3><span lang=\"EN-US\">Kennkarte<\/span><\/h3>\n<p>Adresse : Avenue Haldimand 5<br \/>\n1400 Yverdon-les-Bains<br \/>\nTelefon : <a href=\"tel:+41244246000\" data-cke-saved-href=\"tel:+41244233131\">+41 24 4246000<\/a><br \/>\nE-mail\u00a0: <a href=\"mailto:info@hoteldutheatre.ch\" data-cke-saved-href=\"mailto:contact@laprairiehotel.ch\">info@hoteldutheatre.ch<\/a><br \/>\nKategory: Superior 3-Sterne<br \/>\nZimmer: 36 Zimmer<br \/>\nSeminar : 3 R\u00e4ume f\u00fcr 2 bis 18 Personen<br \/>\nZahnlung : American Express, Mastercard, Visa, Postcard, Maestro, Reka-Card, Bar<\/p>\n                    <\/div>\n                    <div class=\"col-lg-6 offset-lg-1 col-md-12 offset-md-0 right-content\">\n                        <div class=\"white-box parallax-el\" data-parallax-ratio=\"20\" data-parallax-speed=\"1\">\n                            <h2><span lang=\"EN-US\">Ein charmantes Hotel im Herzen von Yverdon-les-Bains<\/span><\/h2>\n<p>Das Hotel du Th\u00e9\u00e2tre befindet sich in einem Patrizierhaus aus dem 19. Jahrhundert, mitten in Yverdon-les-Bains. 2005 von der Familie Michoud in ein Hotel umgewandelt, verbindet es heute die Eleganz der Vergangenheit mit zeitgen\u00f6ssischer Schlichtheit \u2013 in einer warmen und einladenden Atmosph\u00e4re.<\/p>\n<p>Holzverkleidungen, originale Treppen und historische R\u00e4ume treffen hier auf modernes Design, nat\u00fcrliche Materialien und ein zeitgem\u00e4\u00dfes Ambiente. Alles wurde so gestaltet, dass ein R\u00fcckzugsort der Ruhe entsteht \u2013 zum Entspannen, Arbeiten, Tr\u00e4umen oder einfach zum Genie\u00dfen.<\/p>\n                                                                                        <a class=\"link\" href=\"https:\/\/app.mews.com\/distributor\/be13ebbd-f17a-4275-85b4-b21a00b1e522\" target=\"_self\">Buchen<\/a>\n                                                    <\/div>\n                    <\/div>\n                <\/div>\n            <\/div>\n        <\/section>\n        <div class=\"container\">\n    \n\n\n<h2 class=\"wp-block-heading has-text-align-center\"><strong>Unsere einfache Philosophie: Sie herzlich willkommen zu hei\u00dfen.<\/strong><\/h2>\n\n\n\n<p class=\"has-text-align-center\">Im Hotel du Th\u00e9\u00e2tre ersetzt Authentizit\u00e4t den grellen Luxus \u2013 mit dem, was wirklich z\u00e4hlt: ein gutes Bett, ein ruhiges Zimmer, guter Kaffee am Morgen, ein aufmerksames Team und vor allem der Wunsch, dass Sie sich wohlf\u00fchlen.<\/p>\n\n\n\n    <section class=\"wp-block page-section text-carrousel panel-color frame  \"  style=\"\" data-color=\"gold\">\n\n                    <div class=\"text-carrousel-inner\">\n                <div class=\"row row-reverse-mob row-reverse-desktop-s row-reverse\">\n                    <div class=\"col-xl-6 offset-xl-6 col-lg-10 offset-lg-2 content-area\">\n                        <div class=\"white-box scroll-box parallax-el\" data-parallax-ratio=\"10\" data-parallax-speed=\"0.6\" data-scroll-speed=\"7\">\n\n                                                                                                                    <h2><span lang=\"EN-US\">Ein Familienabenteuer, eine gemeinsame Vision<\/span><\/h2>\n<p>Die Geschichte begann 2005 mit Ninik &amp; Pierre-Andr\u00e9 Michoud, die das Hotel als einfachen, gastfreundlichen und in der Stadt verwurzelten Ort erdachten. Seit 2023 ist ihre Tochter In\u00e8s dabei, die mit neuer Energie und frischem Blick auf Gastfreundschaft und G\u00e4steerlebnis das Projekt weiterf\u00fchrt.<\/p>\n<p>Vor allem aber sind es unsere Mitarbeiter:innen, die sich t\u00e4glich mit Freundlichkeit, Aufmerksamkeit und Professionalit\u00e4t um die G\u00e4ste k\u00fcmmern. Sie geben dem Hotel seine einzigartige Atmosph\u00e4re.<\/p>\n<p>2024 haben wir zudem das Hotel La Prairie in Yverdon-les-Bains \u00fcbernommen \u2013 mit dem Ziel, dort dieselbe Qualit\u00e4t der Gastfreundschaft zu pflegen wie im Th\u00e9\u00e2tre.<\/p>\n                                                                                                            <\/div>\n                    <\/div>\n                                            <div class=\"col-xl-8 col-lg-10 p-0-mob img-area\">\n                                                        <div class=\"section-single-img\">\n                                                                    <div class=\"image\">\n                                        <img decoding=\"async\" src=\"https:\/\/www.hoteldutheatre.ch\/app\/uploads\/sites\/3\/2025\/08\/8-950x640.jpeg\" alt=\"\" class=\"width-100\" \/>\n                                    <\/div>\n                                                            <\/div>\n                        <\/div>\n                    \n                <\/div>\n            <\/div>\n            <\/section>\n\n\n\n    <section class=\"wp-block page-section text-carrousel panel-color frame  \"  style=\"\" data-color=\"gold\">\n\n                    <div class=\"text-carrousel-inner\">\n                <div class=\"row row-reverse-mob row-reverse-desktop-s \">\n                    <div class=\"col-xl-6 col-lg-10 content-area\">\n                        <div class=\"white-box scroll-box parallax-el\" data-parallax-ratio=\"10\" data-parallax-speed=\"0.6\" data-scroll-speed=\"7\">\n\n                                                                                        <h2>Lokale Verankerung &amp; Verantwortung<\/h2>\n                                                                                        <ul>\n<li>Bike Hotel zertifiziert, engagiert f\u00fcr sanfte Mobilit\u00e4t<\/li>\n<li>Laufende, umweltbewusste Ma\u00dfnahmen<\/li>\n<li>Zertifiziert Swisstainable Level 2 \u2013 committed<\/li>\n<li>Zusammenarbeit mit regionalen Lieferanten<\/li>\n<li>Hausgemachtes Fr\u00fchst\u00fcck mit Produkten aus der Region<\/li>\n<\/ul>\n                                                                                                            <\/div>\n                    <\/div>\n                                            <div class=\"col-xl-8 offset-xl-4 col-lg-10 offset-lg-2 p-0-mob img-area\">\n                                                        <div class=\"section-single-img\">\n                                                                    <div class=\"image\">\n                                        <img decoding=\"async\" src=\"https:\/\/www.hoteldutheatre.ch\/app\/uploads\/sites\/3\/2025\/08\/ChatGPT-Image-3-aout-2025-10_16_47-1-950x640.png\" alt=\"\" class=\"width-100\" \/>\n                                    <\/div>\n                                                            <\/div>\n                        <\/div>\n                    \n                <\/div>\n            <\/div>\n            <\/section>\n\n\n\n    <div class=\"row gallery-row \" id=\"galerie-photos\" style=\"\">\n        <div class=\"lightgallery\">\n                                                                        <div class=\"col-lg-4 col-md-6 col-sm-12 pointer video-box\" data-src=\"https:\/\/www.hoteldutheatre.ch\/app\/uploads\/sites\/3\/2025\/08\/9-1440x1080.jpeg\" data-sub-html=\"\">\n                            <div>\n                                <a href=\"#\">\n                                    <img loading=\"lazy\" decoding=\"async\" src=\"https:\/\/www.hoteldutheatre.ch\/app\/uploads\/sites\/3\/2025\/08\/9-640x430.jpeg\" class=\"width-100\" width=\"640\" height=\"430\" \/>\n                                <\/a>\n                            <\/div>\n                        <\/div>\n                                                                                                                                                                            <div class=\"col-lg-4 col-md-6 col-sm-12 pointer video-box\" data-src=\"https:\/\/www.hoteldutheatre.ch\/app\/uploads\/sites\/3\/2025\/08\/IMG_2986-1-810x1080.jpg\" data-sub-html=\"\">\n                            <div>\n                                <a href=\"#\">\n                                    <img loading=\"lazy\" decoding=\"async\" src=\"https:\/\/www.hoteldutheatre.ch\/app\/uploads\/sites\/3\/2025\/08\/IMG_2986-1-640x430.jpg\" class=\"width-100\" width=\"640\" height=\"430\" \/>\n                                <\/a>\n                            <\/div>\n                        <\/div>\n                                                                                                            <div class=\"col-lg-4 col-md-6 col-sm-12 pointer video-box\" data-src=\"https:\/\/www.hoteldutheatre.ch\/app\/uploads\/sites\/3\/2025\/08\/17-1440x1080.jpeg\" data-sub-html=\"\">\n                            <div>\n                                <a href=\"#\">\n                                    <img loading=\"lazy\" decoding=\"async\" src=\"https:\/\/www.hoteldutheatre.ch\/app\/uploads\/sites\/3\/2025\/08\/17-640x430.jpeg\" class=\"width-100\" width=\"640\" height=\"430\" \/>\n                                <\/a>\n                            <\/div>\n                        <\/div>\n                                                                                                            <div class=\"col-lg-4 col-md-6 col-sm-12 pointer video-box\" data-src=\"https:\/\/www.hoteldutheatre.ch\/app\/uploads\/sites\/3\/2025\/08\/19-1440x1080.jpeg\" data-sub-html=\"\">\n                            <div>\n                                <a href=\"#\">\n                                    <img loading=\"lazy\" decoding=\"async\" src=\"https:\/\/www.hoteldutheatre.ch\/app\/uploads\/sites\/3\/2025\/08\/19-640x430.jpeg\" class=\"width-100\" width=\"640\" height=\"430\" \/>\n                                <\/a>\n                            <\/div>\n                        <\/div>\n                                                                                                            <div class=\"col-lg-4 col-md-6 col-sm-12 pointer video-box\" data-src=\"https:\/\/www.hoteldutheatre.ch\/app\/uploads\/sites\/3\/2025\/08\/IMG_7529-1-810x1080.jpg\" data-sub-html=\"\">\n                            <div>\n                                <a href=\"#\">\n                                    <img loading=\"lazy\" decoding=\"async\" src=\"https:\/\/www.hoteldutheatre.ch\/app\/uploads\/sites\/3\/2025\/08\/IMG_7529-1-640x430.jpg\" class=\"width-100\" width=\"640\" height=\"430\" \/>\n                                <\/a>\n                            <\/div>\n                        <\/div>\n                                                                                                            <div class=\"col-lg-4 col-md-6 col-sm-12 pointer video-box\" data-src=\"https:\/\/www.hoteldutheatre.ch\/app\/uploads\/sites\/3\/2025\/08\/IMG_2703-1440x1080.jpg\" data-sub-html=\"\">\n                            <div>\n                                <a href=\"#\">\n                                    <img loading=\"lazy\" decoding=\"async\" src=\"https:\/\/www.hoteldutheatre.ch\/app\/uploads\/sites\/3\/2025\/08\/IMG_2703-640x430.jpg\" class=\"width-100\" width=\"640\" height=\"430\" \/>\n                                <\/a>\n                            <\/div>\n                        <\/div>\n                                                                                                            <div class=\"col-lg-4 col-md-6 col-sm-12 pointer video-box\" data-src=\"https:\/\/www.hoteldutheatre.ch\/app\/uploads\/sites\/3\/2025\/08\/IMG_8246-2-1362x1080.jpg\" data-sub-html=\"\">\n                            <div>\n                                <a href=\"#\">\n                                    <img loading=\"lazy\" decoding=\"async\" src=\"https:\/\/www.hoteldutheatre.ch\/app\/uploads\/sites\/3\/2025\/08\/IMG_8246-2-640x430.jpg\" class=\"width-100\" width=\"640\" height=\"430\" \/>\n                                <\/a>\n                            <\/div>\n                        <\/div>\n                                                                                                                                                                            <div class=\"col-lg-4 col-md-6 col-sm-12 pointer video-box\" data-src=\"https:\/\/www.hoteldutheatre.ch\/app\/uploads\/sites\/3\/2025\/08\/4-1619x1080.jpeg\" data-sub-html=\"\">\n                            <div>\n                                <a href=\"#\">\n                                    <img loading=\"lazy\" decoding=\"async\" src=\"https:\/\/www.hoteldutheatre.ch\/app\/uploads\/sites\/3\/2025\/08\/4-640x430.jpeg\" class=\"width-100\" width=\"640\" height=\"430\" \/>\n                                <\/a>\n                            <\/div>\n                        <\/div>\n                                                                                                            <div class=\"col-lg-4 col-md-6 col-sm-12 pointer video-box\" data-src=\"https:\/\/www.hoteldutheatre.ch\/app\/uploads\/sites\/3\/2025\/07\/DUTHEATRE_juni17_RUPA_0522_mini-1619x1080.jpg\" data-sub-html=\"\">\n                            <div>\n                                <a href=\"#\">\n                                    <img loading=\"lazy\" decoding=\"async\" src=\"https:\/\/www.hoteldutheatre.ch\/app\/uploads\/sites\/3\/2025\/07\/DUTHEATRE_juni17_RUPA_0522_mini-640x430.jpg\" class=\"width-100\" width=\"640\" height=\"430\" \/>\n                                <\/a>\n                            <\/div>\n                        <\/div>\n                                                                                                            <div class=\"col-lg-4 col-md-6 col-sm-12 pointer video-box\" data-src=\"https:\/\/www.hoteldutheatre.ch\/app\/uploads\/sites\/3\/2025\/07\/DUTHEATRE_juni17_RUPA_0598_mini-1573x1080.jpg\" data-sub-html=\"\">\n                            <div>\n                                <a href=\"#\">\n                                    <img loading=\"lazy\" decoding=\"async\" src=\"https:\/\/www.hoteldutheatre.ch\/app\/uploads\/sites\/3\/2025\/07\/DUTHEATRE_juni17_RUPA_0598_mini-640x430.jpg\" class=\"width-100\" width=\"640\" height=\"430\" \/>\n                                <\/a>\n                            <\/div>\n                        <\/div>\n                                                                                                            <div class=\"col-lg-4 col-md-6 col-sm-12 pointer video-box\" data-src=\"https:\/\/www.hoteldutheatre.ch\/app\/uploads\/sites\/3\/2025\/08\/IMG_8322-1501x1080.jpg\" data-sub-html=\"\">\n                            <div>\n                                <a href=\"#\">\n                                    <img loading=\"lazy\" decoding=\"async\" src=\"https:\/\/www.hoteldutheatre.ch\/app\/uploads\/sites\/3\/2025\/08\/IMG_8322-640x430.jpg\" class=\"width-100\" width=\"640\" height=\"430\" \/>\n                                <\/a>\n                            <\/div>\n                        <\/div>\n                                                                                                            <div class=\"col-lg-4 col-md-6 col-sm-12 pointer video-box\" data-src=\"https:\/\/www.hoteldutheatre.ch\/app\/uploads\/sites\/3\/2025\/08\/8-1440x1080.jpeg\" data-sub-html=\"\">\n                            <div>\n                                <a href=\"#\">\n                                    <img loading=\"lazy\" decoding=\"async\" src=\"https:\/\/www.hoteldutheatre.ch\/app\/uploads\/sites\/3\/2025\/08\/8-640x430.jpeg\" class=\"width-100\" width=\"640\" height=\"430\" \/>\n                                <\/a>\n                            <\/div>\n                        <\/div>\n                                                                                                            <div class=\"col-lg-4 col-md-6 col-sm-12 pointer video-box\" data-src=\"https:\/\/www.hoteldutheatre.ch\/app\/uploads\/sites\/3\/2025\/08\/DUTHEATRE_juni17_RUPA_0317_mini-1618x1080.jpg\" data-sub-html=\"\">\n                            <div>\n                                <a href=\"#\">\n                                    <img loading=\"lazy\" decoding=\"async\" src=\"https:\/\/www.hoteldutheatre.ch\/app\/uploads\/sites\/3\/2025\/08\/DUTHEATRE_juni17_RUPA_0317_mini-640x430.jpg\" class=\"width-100\" width=\"640\" height=\"430\" \/>\n                                <\/a>\n                            <\/div>\n                        <\/div>\n                                                        <\/div>\n    <\/div>\n\n\n\n\n<p><\/p>\n","protected":false},"excerpt":{"rendered":"<p>Unsere einfache Philosophie: Sie herzlich willkommen zu hei\u00dfen. Im Hotel du Th\u00e9\u00e2tre ersetzt Authentizit\u00e4t den grellen Luxus \u2013 mit dem, was wirklich z\u00e4hlt: ein gutes Bett, ein ruhiges Zimmer, guter Kaffee am Morgen, ein aufmerksames Team und vor allem der Wunsch, dass Sie sich wohlf\u00fchlen.<\/p>\n","protected":false},"author":1,"featured_media":0,"parent":5175,"menu_order":57,"comment_status":"closed","ping_status":"closed","template":"","meta":{"_acf_changed":false,"footnotes":""},"class_list":["post-5178","page","type-page","status-publish","hentry"],"acf":[],"aioseo_notices":[],"_links":{"self":[{"href":"https:\/\/www.hoteldutheatre.ch\/de\/wp-json\/wp\/v2\/pages\/5178","targetHints":{"allow":["GET"]}}],"collection":[{"href":"https:\/\/www.hoteldutheatre.ch\/de\/wp-json\/wp\/v2\/pages"}],"about":[{"href":"https:\/\/www.hoteldutheatre.ch\/de\/wp-json\/wp\/v2\/types\/page"}],"author":[{"embeddable":true,"href":"https:\/\/www.hoteldutheatre.ch\/de\/wp-json\/wp\/v2\/users\/1"}],"replies":[{"embeddable":true,"href":"https:\/\/www.hoteldutheatre.ch\/de\/wp-json\/wp\/v2\/comments?post=5178"}],"version-history":[{"count":2,"href":"https:\/\/www.hoteldutheatre.ch\/de\/wp-json\/wp\/v2\/pages\/5178\/revisions"}],"predecessor-version":[{"id":5238,"href":"https:\/\/www.hoteldutheatre.ch\/de\/wp-json\/wp\/v2\/pages\/5178\/revisions\/5238"}],"up":[{"embeddable":true,"href":"https:\/\/www.hoteldutheatre.ch\/de\/wp-json\/wp\/v2\/pages\/5175"}],"wp:attachment":[{"href":"https:\/\/www.hoteldutheatre.ch\/de\/wp-json\/wp\/v2\/media?parent=5178"}],"curies":[{"name":"wp","href":"https:\/\/api.w.org\/{rel}","templated":true}]}}