{"id":5153,"date":"2025-04-21T19:50:15","date_gmt":"2025-04-21T17:50:15","guid":{"rendered":"https:\/\/www.hoteldutheatre.ch\/die-region-entdecken\/outdoor-aktivitaeten\/"},"modified":"2025-12-10T13:25:07","modified_gmt":"2025-12-10T12:25:07","slug":"outdoor-aktivitaeten","status":"publish","type":"page","link":"https:\/\/www.hoteldutheatre.ch\/de\/die-region-entdecken\/outdoor-aktivitaeten\/","title":{"rendered":"Outdoor-Aktivit\u00e4ten"},"content":{"rendered":"\n    <section class=\"wp-block page-section text-carrousel panel-color frame  \"  style=\"\" data-color=\"gold\">\n\n                    <div class=\"text-carrousel-inner\">\n                <div class=\"row row-reverse-mob row-reverse-desktop-s row-reverse\">\n                    <div class=\"col-xl-6 offset-xl-6 col-lg-10 offset-lg-2 content-area\">\n                        <div class=\"white-box scroll-box parallax-el\" data-parallax-ratio=\"10\" data-parallax-speed=\"0.6\" data-scroll-speed=\"7\">\n\n                                                            <span>Outdoor-Aktivit\u00e4ten<\/span>\n                                                                                        <h2>Wandern &amp; Trailrunning<\/h2>\n                                                                                        <p>Die Region bietet eine Vielzahl markierter Wege, nur wenige Minuten von Yverdon entfernt \u2013 f\u00fcr jedes Niveau geeignet.<\/p>\n<ul>\n<li>Spazierg\u00e4nge in den Weinbergen mit Seeblick<\/li>\n<li>Wege durch die Grande Cari\u00e7aie, das gr\u00f6\u00dfte Seeufer-Naturschutzgebiet der Schweiz<\/li>\n<li>Anspruchsvollere Routen zu den Jurak\u00e4mmen (Sainte-Croix, Mauborget, Aiguilles de Baulmes)<\/li>\n<li>Rundtouren, je nach Tempo als Trail oder Wanderung<\/li>\n<\/ul>\n<p>\u2192 <strong>Entdecken Sie Routenvorschl\u00e4ge<\/strong><\/p>\n<ul>\n<li><a href=\"https:\/\/www.alltrails.com\/fr\/switzerland\/vaud\/yverdon-les-bains\" target=\"_blank\" rel=\"noopener\">AllTrails<\/a><\/li>\n<li><a href=\"https:\/\/yverdonlesbainsregion.ch\/groupe\/sport-et-nature\/\" target=\"_blank\" rel=\"noopener\">Le site de l&#8217;Office du Tourisme d\u2019Yverdon-les-Bains<\/a>.<\/li>\n<\/ul>\n<p>&nbsp;<\/p>\n<p>&nbsp;<\/p>\n                                                                                                            <\/div>\n                    <\/div>\n                                            <div class=\"col-xl-8 col-lg-10 p-0-mob img-area\">\n                                                        <div class=\"section-single-img\">\n                                                                    <div class=\"image\">\n                                        <img decoding=\"async\" src=\"https:\/\/www.hoteldutheatre.ch\/app\/uploads\/sites\/3\/2024\/07\/bougy-villars-3798038_1280.jpg\" alt=\"\" class=\"width-100\" \/>\n                                    <\/div>\n                                                            <\/div>\n                        <\/div>\n                    \n                <\/div>\n            <\/div>\n            <\/section>\n\n\n\n<div class=\"wp-block-group\">\n    <section class=\"wp-block page-section text-carrousel panel-color frame  \"  style=\"\" data-color=\"gold\">\n\n                    <div class=\"text-carrousel-inner\">\n                <div class=\"row row-reverse-mob row-reverse-desktop-s \">\n                    <div class=\"col-xl-6 col-lg-10 content-area\">\n                        <div class=\"white-box scroll-box parallax-el\" data-parallax-ratio=\"10\" data-parallax-speed=\"0.6\" data-scroll-speed=\"7\">\n\n                                                            <span>Autres activit\u00e9s outdoor<\/span>\n                                                                                        <h2>Parapente dans le Jura Nord vaudois<\/h2>\n                                                                                        <p data-start=\"238\" data-end=\"427\">Erheben Sie sich in die L\u00fcfte und genie\u00dfen Sie spektakul\u00e4re Panoramen \u00fcber den Neuenburgersee, die Juraketten und die umliegende Landschaft. Zwei bekannte Startpl\u00e4tze befinden sich in der N\u00e4he des Hotels:<\/p>\n<ul data-start=\"429\" data-end=\"860\">\n<li data-start=\"429\" data-end=\"633\"><strong data-start=\"431\" data-end=\"444\">Mauborget<\/strong> : ikonischer Startplatz mit Blick \u00fcber Jura und See, f\u00fcr alle Niveaus.<br data-start=\"524\" data-end=\"527\" \/>\ud83d\udc49 <a href=\"https:\/\/www.gotandem.ch\/\" target=\"_blank\" rel=\"noopener\">GoTandem<\/a> Tandemfl\u00fcge in der Region Yverdon, Jura und Neuenburgersee<\/li>\n<li data-start=\"635\" data-end=\"860\"><strong data-start=\"637\" data-end=\"650\">Le Suchet<\/strong> : wilderer Gipfel im Waadtl\u00e4nder Jura, mit vielf\u00e4ltigen Bedingungen und spektakul\u00e4ren Panoramen.<br data-start=\"774\" data-end=\"777\" \/>\ud83d\udc49 <a href=\"https:\/\/vol-libre-suchet.ch\/le-suchet\" target=\"_blank\" rel=\"noopener\" data-start=\"803\" data-end=\"860\">Vol Libre Suchet<\/a> Informationen zu Startpl\u00e4tzen, Bedingungen und Flugzonen<\/li>\n<\/ul>\n                                                                                                            <\/div>\n                    <\/div>\n                                            <div class=\"col-xl-8 offset-xl-4 col-lg-10 offset-lg-2 p-0-mob img-area\">\n                                                        <div class=\"section-single-img\">\n                                                                    <div class=\"image\">\n                                        <img decoding=\"async\" src=\"https:\/\/www.hoteldutheatre.ch\/app\/uploads\/sites\/3\/2024\/08\/Yverdon3.jpg\" alt=\"\" class=\"width-100\" \/>\n                                    <\/div>\n                                                            <\/div>\n                        <\/div>\n                    \n                <\/div>\n            <\/div>\n            <\/section>\n<\/div>\n\n\n\n    <section class=\"wp-block page-section text-carrousel panel-color frame  \"  style=\"\" data-color=\"gold\">\n\n                    <div class=\"text-carrousel-inner\">\n                <div class=\"row row-reverse-mob row-reverse-desktop-s \">\n                    <div class=\"col-xl-6 col-lg-10 content-area\">\n                        <div class=\"white-box scroll-box parallax-el\" data-parallax-ratio=\"10\" data-parallax-speed=\"0.6\" data-scroll-speed=\"7\">\n\n                                                            <span>Outdoor-Aktivit\u00e4ten<\/span>\n                                                                                        <h2>Thermalb\u00e4der Yverdon<\/h2>\n                                                                                        <p class=\"\" data-start=\"232\" data-end=\"502\">Nur 17 Gehminuten vom Hotel entfernt, bieten die Thermen eine entspannende Auszeit mit Blick auf Berge und See. Trotz Renovation bleibt der Standort teilweise ge\u00f6ffnet mit Aussenpools und Sauna.<\/p>\n<p class=\"\" data-start=\"232\" data-end=\"502\">\n<strong>Exklusivvorteil:<\/strong> Als Gast des Hotels profitieren Sie von erm\u00e4ssigten Eintrittspreisen.<\/p>\n<p class=\"\" data-start=\"779\" data-end=\"878\">\u2192 <a href=\"https:\/\/www.bainsyverdon.ch\/bains\/piscines\" target=\"_blank\" rel=\"noopener\">Mehr info<\/a><\/p>\n                                                                                                            <\/div>\n                    <\/div>\n                                            <div class=\"col-xl-8 offset-xl-4 col-lg-10 offset-lg-2 p-0-mob img-area\">\n                                                        <div class=\"section-single-img\">\n                                                                    <div class=\"image\">\n                                        <img decoding=\"async\" src=\"https:\/\/www.hoteldutheatre.ch\/app\/uploads\/sites\/3\/2024\/07\/Centre_Thermal.jpg\" alt=\"\" class=\"width-100\" \/>\n                                    <\/div>\n                                                            <\/div>\n                        <\/div>\n                    \n                <\/div>\n            <\/div>\n            <\/section>\n\n\n\n<h2 class=\"wp-block-heading has-text-align-center\"><strong>Ihr Abenteuer beginnt nach erholsamem Schlaf und einem genussvollen Fr\u00fchst\u00fcck.<\/strong><\/h2>\n\n\n\n<p class=\"has-text-align-center\">Genie\u00dfen Sie wahre Erholung und ein reichhaltiges Fr\u00fchst\u00fcck, bevor Sie voll und ganz in die Outdoor-Aktivit\u00e4ten eintauchen.<\/p>\n\n\n\n<div class=\"wp-block-buttons is-content-justification-center is-layout-flex wp-container-core-buttons-is-layout-16018d1d wp-block-buttons-is-layout-flex\">\n<div class=\"wp-block-button\"><a class=\"wp-block-button__link wp-element-button\" href=\"https:\/\/app.mews.com\/distributor\/be13ebbd-f17a-4275-85b4-b21a00b1e522\">Jetzt buchen<\/a><\/div>\n<\/div>\n","protected":false},"excerpt":{"rendered":"<p>Ihr Abenteuer beginnt nach erholsamem Schlaf und einem genussvollen Fr\u00fchst\u00fcck. Genie\u00dfen Sie wahre Erholung und ein reichhaltiges Fr\u00fchst\u00fcck, bevor Sie voll und ganz in die Outdoor-Aktivit\u00e4ten eintauchen.<\/p>\n","protected":false},"author":9,"featured_media":1319,"parent":5137,"menu_order":33,"comment_status":"closed","ping_status":"closed","template":"","meta":{"_acf_changed":false,"footnotes":""},"class_list":["post-5153","page","type-page","status-publish","has-post-thumbnail","hentry"],"acf":[],"aioseo_notices":[],"_links":{"self":[{"href":"https:\/\/www.hoteldutheatre.ch\/de\/wp-json\/wp\/v2\/pages\/5153","targetHints":{"allow":["GET"]}}],"collection":[{"href":"https:\/\/www.hoteldutheatre.ch\/de\/wp-json\/wp\/v2\/pages"}],"about":[{"href":"https:\/\/www.hoteldutheatre.ch\/de\/wp-json\/wp\/v2\/types\/page"}],"author":[{"embeddable":true,"href":"https:\/\/www.hoteldutheatre.ch\/de\/wp-json\/wp\/v2\/users\/9"}],"replies":[{"embeddable":true,"href":"https:\/\/www.hoteldutheatre.ch\/de\/wp-json\/wp\/v2\/comments?post=5153"}],"version-history":[{"count":4,"href":"https:\/\/www.hoteldutheatre.ch\/de\/wp-json\/wp\/v2\/pages\/5153\/revisions"}],"predecessor-version":[{"id":6015,"href":"https:\/\/www.hoteldutheatre.ch\/de\/wp-json\/wp\/v2\/pages\/5153\/revisions\/6015"}],"up":[{"embeddable":true,"href":"https:\/\/www.hoteldutheatre.ch\/de\/wp-json\/wp\/v2\/pages\/5137"}],"wp:featuredmedia":[{"embeddable":true,"href":"https:\/\/www.hoteldutheatre.ch\/de\/wp-json\/wp\/v2\/media\/1319"}],"wp:attachment":[{"href":"https:\/\/www.hoteldutheatre.ch\/de\/wp-json\/wp\/v2\/media?parent=5153"}],"curies":[{"name":"wp","href":"https:\/\/api.w.org\/{rel}","templated":true}]}}