{"id":5150,"date":"2024-08-02T15:05:52","date_gmt":"2024-08-02T13:05:52","guid":{"rendered":"https:\/\/www.hoteldutheatre.ch\/die-region-entdecken\/erlebnisse-in-yverdon-les-bains\/"},"modified":"2025-12-10T13:22:25","modified_gmt":"2025-12-10T12:22:25","slug":"erlebnisse-in-yverdon-les-bains","status":"publish","type":"page","link":"https:\/\/www.hoteldutheatre.ch\/de\/die-region-entdecken\/erlebnisse-in-yverdon-les-bains\/","title":{"rendered":"Erlebnisse in Yverdon-les-Bains"},"content":{"rendered":"\n<h2 class=\"wp-block-heading has-text-align-center has-secondary-color-color has-text-color has-link-color wp-elements-843c0c5315b8890a05fadb7109bd40d1\"><strong>Erlebnisse in Yverdon-les-Bains<\/strong><\/h2>\n\n\n\n<p class=\"has-text-align-center\">Yverdon-les-Bains ist eine lebendige und kulturelle Stadt, ideal um Natur und Entdeckungen miteinander zu verbinden. <br>Ab dem Hotel ist alles bequem zu Fu\u00df oder mit dem Velo erreichbar.<\/p>\n\n\n\n\n    <section class=\"wp-block tile-list page-section \"  style=\"\">\n        <div class=\"row\">\n                            <div class=\"room-item col-lg-6 col-md-12\">\n                                            <div class=\"row\">\n                            <div class=\"col-10 img-zone\">\n                                                                <div class=\"single-item\">\n                                                                            <div><img decoding=\"async\" src=\"https:\/\/www.hoteldutheatre.ch\/app\/uploads\/sites\/3\/2025\/08\/IMG_7115-575x390.jpg\" class=\"width-100\" \/><\/div>\n                                                                    <\/div>\n                            <\/div>\n                            <div class=\"col-2 room-nav\">\n                                                            <\/div>\n                        <\/div>\n                                        <div class=\"row\">\n                        <div class=\"col-md-10 offset-md-2\">\n                            <div class=\"white-box \">\n                                                                    <h3>Kultur &amp; Museen<\/h3>\n                                                                                                    <ul>\n<li><strong>Maison d\u2019Ailleurs<\/strong> : einzigartig in Europa, der Science-Fiction, Utopie und Fantasie gewidmet.\n<ul>\n<li>\u2192 Infos : <a href=\"https:\/\/ailleurs.ch\/\" target=\"_blank\" rel=\"noopener\">Maison d&#8217;Ailleurs<\/a><\/li>\n<\/ul>\n<\/li>\n<li><strong>Mus\u00e9e d\u2019Yverdon et r\u00e9gion<\/strong> : im Schloss, zeigt die lokale Geschichte mit Objekten, Modellen und Ausstellungen.\n<ul>\n<li>\u2192 Infos : <a href=\"https:\/\/musee-yverdon-region.ch\/\" target=\"_blank\" rel=\"noopener\">Mus\u00e9e d&#8217;Yverdon et r\u00e9gion<\/a><\/li>\n<\/ul>\n<\/li>\n<li><strong>Mus\u00e9e suisse de la Mode<\/strong> : kreative Mischung aus Textilien, zeitgen\u00f6ssischen Kreationen und Tradition.\n<ul>\n<li>\u2192 Infos : <a href=\"https:\/\/museemode.ch\/\" target=\"_blank\" rel=\"noopener\">Mus\u00e9e suisse de la Mode<\/a><\/li>\n<\/ul>\n<\/li>\n<\/ul>\n                                                                                            <\/div>\n                        <\/div>\n                    <\/div>\n                <\/div>\n                            <div class=\"room-item col-lg-6 col-md-12\">\n                                            <div class=\"row\">\n                            <div class=\"col-10 img-zone\">\n                                                                <div class=\"single-item\">\n                                                                            <div><img decoding=\"async\" src=\"https:\/\/www.hoteldutheatre.ch\/app\/uploads\/sites\/3\/2025\/08\/IMG_5548-2-575x390.jpg\" class=\"width-100\" \/><\/div>\n                                                                    <\/div>\n                            <\/div>\n                            <div class=\"col-2 room-nav\">\n                                                            <\/div>\n                        <\/div>\n                                        <div class=\"row\">\n                        <div class=\"col-md-10 offset-md-2\">\n                            <div class=\"white-box \">\n                                                                    <h3>B\u00fchnenkunst &amp; Shows<\/h3>\n                                                                                                    <ul>\n<li><strong>Th\u00e9\u00e2tre Benno Besson<\/strong> (20 m vom Hotel): vielf\u00e4ltiges Programm mit Theater, Comedy, Musik und Familienvorstellungen\n<ul>\n<li>\u2192 Infos : <a href=\"https:\/\/www.theatrebennobesson.ch\/\" target=\"_blank\" rel=\"noopener\">Th\u00e9\u00e2tre Benno Besson<\/a><\/li>\n<\/ul>\n<\/li>\n<li><strong>Th\u00e9\u00e2tre de L\u2019\u00c9chandole<\/strong> : intime B\u00fchne im Schloss mit lokalem Programm.\n<ul>\n<li>\u2192 Infos : <a href=\"https:\/\/echandole.ch\/\" target=\"_blank\" rel=\"noopener\">L\u2019\u00c9chandole<\/a><\/li>\n<\/ul>\n<\/li>\n<li><strong>L\u2019Amalgame<\/strong> : lebendige Konzerthalle mit Rock-, Elektro-, Jazz- und Chanson-Abenden.\n<ul>\n<li>\u2192 Infos : <a href=\"https:\/\/www.amalgameclub.ch\/\" target=\"_blank\" rel=\"noopener\">L&#8217;amalgame<\/a><\/li>\n<\/ul>\n<\/li>\n<\/ul>\n                                                                                            <\/div>\n                        <\/div>\n                    <\/div>\n                <\/div>\n                    <\/div>\n    <\/section>\n\n\n\n    <section class=\"wp-block page-section text-carrousel panel-color frame  \"  style=\"\" data-color=\"gold\">\n\n                    <div class=\"text-carrousel-inner\">\n                <div class=\"row row-reverse-mob row-reverse-desktop-s row-reverse\">\n                    <div class=\"col-xl-6 offset-xl-6 col-lg-10 offset-lg-2 content-area\">\n                        <div class=\"white-box scroll-box parallax-el\" data-parallax-ratio=\"10\" data-parallax-speed=\"0.6\" data-scroll-speed=\"7\">\n\n                                                                                        <h2>Spazierg\u00e4nge &amp; lokales Leben<\/h2>\n                                                                                        <ul>\n<li>Fussg\u00e4ngerzone Altstadt: charmante Gassen mit Gesch\u00e4ften, Caf\u00e9s, Buchhandlungen, Antiquariaten<\/li>\n<li>Samstagmorgenmarkt: regionale Produkte, Blumen, K\u00e4se und Waadtl\u00e4nder Spezialit\u00e4ten<\/li>\n<li>Stadtstrand &amp; Uferpromenade: ideal f\u00fcr entspannte Abende<\/li>\n<\/ul>\n<p>\u2192 <a href=\"https:\/\/yverdonlesbainsregion.ch\/agenda\/\" target=\"_blank\" rel=\"noopener\">Agenda des activit\u00e9s\u00a0<\/a><\/p>\n                                                                                                            <\/div>\n                    <\/div>\n                                            <div class=\"col-xl-8 col-lg-10 p-0-mob img-area\">\n                                                        <div class=\"section-single-img\">\n                                                                    <div class=\"image\">\n                                        <img decoding=\"async\" src=\"https:\/\/www.hoteldutheatre.ch\/app\/uploads\/sites\/3\/2025\/08\/IMG_5553-950x640.jpg\" alt=\"\" class=\"width-100\" \/>\n                                    <\/div>\n                                                            <\/div>\n                        <\/div>\n                    \n                <\/div>\n            <\/div>\n            <\/section>\n\n\n\n<h2 class=\"wp-block-heading has-text-align-center\"><strong>Und wissen Sie, was das Beste ist?<\/strong><\/h2>\n\n\n\n<p class=\"has-text-align-center\">Ganz in der N\u00e4he von allem \u2013 und doch ruhig: Genie\u00dfen Sie erholsamen Schlaf in friedlicher Umgebung und wachen Sie in einem hellen, einladenden Ambiente auf.<\/p>\n\n\n\n<p class=\"has-text-align-center\">Hotel du Th\u00e9\u00e2tre \u2013 der perfekte Ausgangspunkt, um Yverdon und die Region zu entdecken.<\/p>\n\n\n\n<div class=\"wp-block-buttons is-content-justification-center is-layout-flex wp-container-core-buttons-is-layout-8057eaf3 wp-block-buttons-is-layout-flex\">\n<div class=\"wp-block-button\"><a class=\"wp-block-button__link wp-element-button\" href=\"https:\/\/app.mews.com\/distributor\/be13ebbd-f17a-4275-85b4-b21a00b1e522\">Jetzt buchen<\/a><\/div>\n<\/div>\n\n\n\n<p><\/p>\n","protected":false},"excerpt":{"rendered":"<p>Erlebnisse in Yverdon-les-Bains Yverdon-les-Bains ist eine lebendige und kulturelle Stadt, ideal um Natur und Entdeckungen miteinander zu verbinden. Ab dem Hotel ist alles bequem zu Fu\u00df oder mit dem Velo erreichbar. Und wissen Sie, was das Beste ist? Ganz in der N\u00e4he von allem \u2013 und doch ruhig: Genie\u00dfen Sie erholsamen Schlaf in friedlicher Umgebung [&hellip;]<\/p>\n","protected":false},"author":1,"featured_media":3539,"parent":5137,"menu_order":28,"comment_status":"closed","ping_status":"closed","template":"","meta":{"_acf_changed":false,"footnotes":""},"class_list":["post-5150","page","type-page","status-publish","has-post-thumbnail","hentry"],"acf":[],"aioseo_notices":[],"_links":{"self":[{"href":"https:\/\/www.hoteldutheatre.ch\/de\/wp-json\/wp\/v2\/pages\/5150","targetHints":{"allow":["GET"]}}],"collection":[{"href":"https:\/\/www.hoteldutheatre.ch\/de\/wp-json\/wp\/v2\/pages"}],"about":[{"href":"https:\/\/www.hoteldutheatre.ch\/de\/wp-json\/wp\/v2\/types\/page"}],"author":[{"embeddable":true,"href":"https:\/\/www.hoteldutheatre.ch\/de\/wp-json\/wp\/v2\/users\/1"}],"replies":[{"embeddable":true,"href":"https:\/\/www.hoteldutheatre.ch\/de\/wp-json\/wp\/v2\/comments?post=5150"}],"version-history":[{"count":3,"href":"https:\/\/www.hoteldutheatre.ch\/de\/wp-json\/wp\/v2\/pages\/5150\/revisions"}],"predecessor-version":[{"id":6011,"href":"https:\/\/www.hoteldutheatre.ch\/de\/wp-json\/wp\/v2\/pages\/5150\/revisions\/6011"}],"up":[{"embeddable":true,"href":"https:\/\/www.hoteldutheatre.ch\/de\/wp-json\/wp\/v2\/pages\/5137"}],"wp:featuredmedia":[{"embeddable":true,"href":"https:\/\/www.hoteldutheatre.ch\/de\/wp-json\/wp\/v2\/media\/3539"}],"wp:attachment":[{"href":"https:\/\/www.hoteldutheatre.ch\/de\/wp-json\/wp\/v2\/media?parent=5150"}],"curies":[{"name":"wp","href":"https:\/\/api.w.org\/{rel}","templated":true}]}}