{"id":5119,"date":"2024-07-31T18:24:45","date_gmt":"2024-07-31T16:24:45","guid":{"rendered":"https:\/\/www.hoteldutheatre.ch\/zimmer\/familienzimmer-barrierefrei-pmr\/"},"modified":"2025-09-02T12:42:17","modified_gmt":"2025-09-02T10:42:17","slug":"familienzimmer-barrierefrei-pmr","status":"publish","type":"page","link":"https:\/\/www.hoteldutheatre.ch\/de\/zimmer\/familienzimmer-barrierefrei-pmr\/","title":{"rendered":"Familienzimmer \u2013 Barrierefrei (PMR)"},"content":{"rendered":"\n    <\/div>\n            <section class=\"wp-block content-section frame page-section \"  style=\"\">\n            <div class=\"container\">\n                <div class=\"row\">\n                    <div class=\"col-lg-5 col-md-12 left-content \">\n                        <h3>Ausstattung<\/h3>\n<div class=\"table-responsive\"><table class=\" cke_show_border\" style=\"height: 202px\" width=\"458\">\n<tbody>\n<tr>\n<td>Kabel-Tv (Flachbildschirm)<\/td>\n<td><em>Auf Anfrage:<\/em><\/td>\n<\/tr>\n<tr>\n<td>Telefon<\/td>\n<td><em>Wasserkocher &amp; Tee<\/em><\/td>\n<\/tr>\n<tr>\n<td>WLAN<\/td>\n<td><em>Hausschuhe &amp; Bademantel<\/em><\/td>\n<\/tr>\n<tr>\n<td>Zimmersafe<\/td>\n<td><em>B\u00fcgeleisen &amp; B\u00fcgelbrett<\/em><\/td>\n<\/tr>\n<tr>\n<td>Haartrockner<\/td>\n<td><\/td>\n<\/tr>\n<tr>\n<td>Wasserflasche<\/td>\n<td><\/td>\n<\/tr>\n<\/tbody>\n<\/table><\/div>\n                    <\/div>\n                    <div class=\"col-lg-6 offset-lg-1 col-md-12 offset-md-0 right-content\">\n                        <div class=\"white-box parallax-el\" data-parallax-ratio=\"20\" data-parallax-speed=\"1\">\n                            <h3><strong data-start=\"5526\" data-end=\"5580\">Ger\u00e4umig, ruhig und f\u00fcr alle Bed\u00fcrfnisse ausgelegt<\/strong><\/h3>\n<p>Ideal f\u00fcr Familienaufenthalte oder G\u00e4ste mit eingeschr\u00e4nkter Mobilit\u00e4t. Diese Zimmer bieten einfachen Zugang, eine praktische Raumaufteilung und denselben Komfort. Mit Blick auf den Innenhof garantieren sie absolute Ruhe.<\/p>\n<ul>\n<li data-start=\"5810\" data-end=\"5860\">Doppelbett 180 x 200 cm + Einzelbett 80 x 200 cm<\/li>\n<li data-start=\"5863\" data-end=\"5916\">Barrierefreies Bad (ebenerdige Dusche, Haltegriffe)<\/li>\n<li data-start=\"5919\" data-end=\"5959\">Breiter und funktionaler Bewegungsraum<\/li>\n<li data-start=\"5962\" data-end=\"5998\">Blick auf den Innenhof, sehr ruhig<\/li>\n<\/ul>\n                                                            <div class=\"options\">\n                                                                            <div class=\"option-item\">\n                                            <i class=\"fal fa-ruler-combined\"><\/i>\n                                            25m2                                        <\/div>\n                                                                                                                <div class=\"option-item\">\n                                            <i class=\"fal fa-bed-alt\"><\/i>\n                                            2x90x200cm &amp; 1x80x200cm                                        <\/div>\n                                                                                                                <div class=\"option-item\">\n                                            <i class=\"fal fa-smoking-ban\"><\/i>\n                                            NIichtraucher                                        <\/div>\n                                                                                                        <\/div>\n                                                                                        <a class=\"link\" href=\"https:\/\/app.mews.com\/distributor\/be13ebbd-f17a-4275-85b4-b21a00b1e522\" target=\"_blank\">Zimmer buchen <\/a>\n                                                    <\/div>\n                    <\/div>\n                <\/div>\n            <\/div>\n        <\/section>\n        <div class=\"container\">\n    \n\n\n    <div class=\"row gallery-row \"  style=\"\">\n        <div class=\"lightgallery\">\n                                                                        <div class=\"col-lg-4 col-md-6 col-sm-12 pointer video-box\" data-src=\"https:\/\/www.hoteldutheatre.ch\/app\/uploads\/sites\/3\/2025\/08\/IMG_2929-1-1440x1080.jpg\" data-sub-html=\"\">\n                            <div>\n                                <a href=\"#\">\n                                    <img loading=\"lazy\" decoding=\"async\" src=\"https:\/\/www.hoteldutheatre.ch\/app\/uploads\/sites\/3\/2025\/08\/IMG_2929-1-640x430.jpg\" class=\"width-100\" width=\"640\" height=\"430\" \/>\n                                <\/a>\n                            <\/div>\n                        <\/div>\n                                                                                                            <div class=\"col-lg-4 col-md-6 col-sm-12 pointer video-box\" data-src=\"https:\/\/www.hoteldutheatre.ch\/app\/uploads\/sites\/3\/2025\/08\/IMG_2938-1440x1080.jpg\" data-sub-html=\"\">\n                            <div>\n                                <a href=\"#\">\n                                    <img loading=\"lazy\" decoding=\"async\" src=\"https:\/\/www.hoteldutheatre.ch\/app\/uploads\/sites\/3\/2025\/08\/IMG_2938-640x430.jpg\" class=\"width-100\" width=\"640\" height=\"430\" \/>\n                                <\/a>\n                            <\/div>\n                        <\/div>\n                                                                                                            <div class=\"col-lg-4 col-md-6 col-sm-12 pointer video-box\" data-src=\"https:\/\/www.hoteldutheatre.ch\/app\/uploads\/sites\/3\/2025\/08\/IMG_2935-1-810x1080.jpg\" data-sub-html=\"\">\n                            <div>\n                                <a href=\"#\">\n                                    <img loading=\"lazy\" decoding=\"async\" src=\"https:\/\/www.hoteldutheatre.ch\/app\/uploads\/sites\/3\/2025\/08\/IMG_2935-1-640x430.jpg\" class=\"width-100\" width=\"640\" height=\"430\" \/>\n                                <\/a>\n                            <\/div>\n                        <\/div>\n                                                                                                            <div class=\"col-lg-4 col-md-6 col-sm-12 pointer video-box\" data-src=\"https:\/\/www.hoteldutheatre.ch\/app\/uploads\/sites\/3\/2025\/08\/IMG_2932-1381x1080.jpg\" data-sub-html=\"\">\n                            <div>\n                                <a href=\"#\">\n                                    <img loading=\"lazy\" decoding=\"async\" src=\"https:\/\/www.hoteldutheatre.ch\/app\/uploads\/sites\/3\/2025\/08\/IMG_2932-640x430.jpg\" class=\"width-100\" width=\"640\" height=\"430\" \/>\n                                <\/a>\n                            <\/div>\n                        <\/div>\n                                                        <\/div>\n    <\/div>\n\n","protected":false},"excerpt":{"rendered":"","protected":false},"author":1,"featured_media":0,"parent":5099,"menu_order":21,"comment_status":"closed","ping_status":"closed","template":"","meta":{"_acf_changed":false,"footnotes":""},"class_list":["post-5119","page","type-page","status-publish","hentry"],"acf":[],"aioseo_notices":[],"_links":{"self":[{"href":"https:\/\/www.hoteldutheatre.ch\/de\/wp-json\/wp\/v2\/pages\/5119","targetHints":{"allow":["GET"]}}],"collection":[{"href":"https:\/\/www.hoteldutheatre.ch\/de\/wp-json\/wp\/v2\/pages"}],"about":[{"href":"https:\/\/www.hoteldutheatre.ch\/de\/wp-json\/wp\/v2\/types\/page"}],"author":[{"embeddable":true,"href":"https:\/\/www.hoteldutheatre.ch\/de\/wp-json\/wp\/v2\/users\/1"}],"replies":[{"embeddable":true,"href":"https:\/\/www.hoteldutheatre.ch\/de\/wp-json\/wp\/v2\/comments?post=5119"}],"version-history":[{"count":3,"href":"https:\/\/www.hoteldutheatre.ch\/de\/wp-json\/wp\/v2\/pages\/5119\/revisions"}],"predecessor-version":[{"id":5131,"href":"https:\/\/www.hoteldutheatre.ch\/de\/wp-json\/wp\/v2\/pages\/5119\/revisions\/5131"}],"up":[{"embeddable":true,"href":"https:\/\/www.hoteldutheatre.ch\/de\/wp-json\/wp\/v2\/pages\/5099"}],"wp:attachment":[{"href":"https:\/\/www.hoteldutheatre.ch\/de\/wp-json\/wp\/v2\/media?parent=5119"}],"curies":[{"name":"wp","href":"https:\/\/api.w.org\/{rel}","templated":true}]}}