{"id":5107,"date":"2024-07-31T18:12:45","date_gmt":"2024-07-31T16:12:45","guid":{"rendered":"https:\/\/www.hoteldutheatre.ch\/zimmer\/zimmer-stadtseite\/"},"modified":"2025-09-02T12:40:40","modified_gmt":"2025-09-02T10:40:40","slug":"zimmer-stadtseite","status":"publish","type":"page","link":"https:\/\/www.hoteldutheatre.ch\/de\/zimmer\/zimmer-stadtseite\/","title":{"rendered":"Zimmer &#8220;Stadtseite&#8221;"},"content":{"rendered":"\n    <\/div>\n            <section class=\"wp-block content-section frame page-section \"  style=\"\">\n            <div class=\"container\">\n                <div class=\"row\">\n                    <div class=\"col-lg-5 col-md-12 left-content \">\n                        <h3>Ausstattung<\/h3>\n<div class=\"table-responsive\"><table class=\" cke_show_border\" style=\"height: 202px\" width=\"458\">\n<tbody>\n<tr>\n<td>Kabel-Tv (Flachbildschirm)<\/td>\n<td><em>Auf Anfrage:<\/em><\/td>\n<\/tr>\n<tr>\n<td>Telefon<\/td>\n<td><em>Wasserkocher &amp; Tee<\/em><\/td>\n<\/tr>\n<tr>\n<td>WLAN<\/td>\n<td><em>Hausschuhe &amp; Bademantel<\/em><\/td>\n<\/tr>\n<tr>\n<td>Zimmersafe<\/td>\n<td><em>B\u00fcgeleisen &amp; B\u00fcgelbrett<\/em><\/td>\n<\/tr>\n<tr>\n<td>Haartrockner<\/td>\n<td><\/td>\n<\/tr>\n<tr>\n<td>Wasserflasche<\/td>\n<td><\/td>\n<\/tr>\n<\/tbody>\n<\/table><\/div>\n<h3><\/h3>\n                    <\/div>\n                    <div class=\"col-lg-6 offset-lg-1 col-md-12 offset-md-0 right-content\">\n                        <div class=\"white-box parallax-el\" data-parallax-ratio=\"20\" data-parallax-speed=\"1\">\n                            <h3><strong data-start=\"3262\" data-end=\"3301\">Helligkeit &amp; Komfort mit Stadtblick<\/strong><\/h3>\n<p>Diese Zimmer blicken auf die Avenue Haldimand in Yverdon-les-Bains, mitten im st\u00e4dtischen Leben. Dank Schallisolation verbinden sie Komfort und Helligkeit \u2013 perfekt f\u00fcr alle, die mit der Stadt verbunden bleiben m\u00f6chten, und trotzdem nur wenige Schritte vom Bahnhof, Restaurants und Gesch\u00e4ften entfernt.<\/p>\n<ul>\n<li data-start=\"3612\" data-end=\"3637\">Doppelbett 180 x 200 cm<\/li>\n<li data-start=\"3640\" data-end=\"3679\">Eigenes Bad mit Dusche oder Badewanne<\/li>\n<li data-start=\"3682\" data-end=\"3722\">Schreibtisch, Highspeed-WLAN, TV, Safe<\/li>\n<li data-start=\"3725\" data-end=\"3777\">Gute Isolation, dennoch m\u00f6gliches Verkehrsger\u00e4usch<\/li>\n<\/ul>\n                                                            <div class=\"options\">\n                                                                            <div class=\"option-item\">\n                                            <i class=\"fal fa-ruler-combined\"><\/i>\n                                            16-20m2                                        <\/div>\n                                                                                                                <div class=\"option-item\">\n                                            <i class=\"fal fa-bed-alt\"><\/i>\n                                            180X200cm ou 2x90x200cm                                        <\/div>\n                                                                                                                <div class=\"option-item\">\n                                            <i class=\"fal fa-smoking-ban\"><\/i>\n                                            NIichtraucher                                        <\/div>\n                                                                                                        <\/div>\n                                                                                        <a class=\"link\" href=\"https:\/\/app.mews.com\/distributor\/be13ebbd-f17a-4275-85b4-b21a00b1e522\" target=\"_blank\">R\u00e9server une chambre<\/a>\n                                                    <\/div>\n                    <\/div>\n                <\/div>\n            <\/div>\n        <\/section>\n        <div class=\"container\">\n    \n\n\n    <div class=\"row gallery-row \"  style=\"\">\n        <div class=\"lightgallery\">\n                                                                        <div class=\"col-lg-4 col-md-6 col-sm-12 pointer video-box\" data-src=\"https:\/\/www.hoteldutheatre.ch\/app\/uploads\/sites\/3\/2025\/08\/IMG_2699-1440x1080.jpg\" data-sub-html=\"\">\n                            <div>\n                                <a href=\"#\">\n                                    <img loading=\"lazy\" decoding=\"async\" src=\"https:\/\/www.hoteldutheatre.ch\/app\/uploads\/sites\/3\/2025\/08\/IMG_2699-640x430.jpg\" class=\"width-100\" width=\"640\" height=\"430\" \/>\n                                <\/a>\n                            <\/div>\n                        <\/div>\n                                                                                                            <div class=\"col-lg-4 col-md-6 col-sm-12 pointer video-box\" data-src=\"https:\/\/www.hoteldutheatre.ch\/app\/uploads\/sites\/3\/2025\/08\/IMG_2946-1-810x1080.jpg\" data-sub-html=\"\">\n                            <div>\n                                <a href=\"#\">\n                                    <img loading=\"lazy\" decoding=\"async\" src=\"https:\/\/www.hoteldutheatre.ch\/app\/uploads\/sites\/3\/2025\/08\/IMG_2946-1-640x430.jpg\" class=\"width-100\" width=\"640\" height=\"430\" \/>\n                                <\/a>\n                            <\/div>\n                        <\/div>\n                                                                                                            <div class=\"col-lg-4 col-md-6 col-sm-12 pointer video-box\" data-src=\"https:\/\/www.hoteldutheatre.ch\/app\/uploads\/sites\/3\/2025\/08\/IMG_8344-858x1080.jpg\" data-sub-html=\"\">\n                            <div>\n                                <a href=\"#\">\n                                    <img loading=\"lazy\" decoding=\"async\" src=\"https:\/\/www.hoteldutheatre.ch\/app\/uploads\/sites\/3\/2025\/08\/IMG_8344-640x430.jpg\" class=\"width-100\" width=\"640\" height=\"430\" \/>\n                                <\/a>\n                            <\/div>\n                        <\/div>\n                                                                                                            <div class=\"col-lg-4 col-md-6 col-sm-12 pointer video-box\" data-src=\"https:\/\/www.hoteldutheatre.ch\/app\/uploads\/sites\/3\/2025\/08\/IMG_8317-2-1046x1080.jpg\" data-sub-html=\"\">\n                            <div>\n                                <a href=\"#\">\n                                    <img loading=\"lazy\" decoding=\"async\" src=\"https:\/\/www.hoteldutheatre.ch\/app\/uploads\/sites\/3\/2025\/08\/IMG_8317-2-640x430.jpg\" class=\"width-100\" width=\"640\" height=\"430\" \/>\n                                <\/a>\n                            <\/div>\n                        <\/div>\n                                                                                                            <div class=\"col-lg-4 col-md-6 col-sm-12 pointer video-box\" data-src=\"https:\/\/www.hoteldutheatre.ch\/app\/uploads\/sites\/3\/2025\/08\/IMG_2949-1440x1080.jpg\" data-sub-html=\"\">\n                            <div>\n                                <a href=\"#\">\n                                    <img loading=\"lazy\" decoding=\"async\" src=\"https:\/\/www.hoteldutheatre.ch\/app\/uploads\/sites\/3\/2025\/08\/IMG_2949-640x430.jpg\" class=\"width-100\" width=\"640\" height=\"430\" \/>\n                                <\/a>\n                            <\/div>\n                        <\/div>\n                                                                                                            <div class=\"col-lg-4 col-md-6 col-sm-12 pointer video-box\" data-src=\"https:\/\/www.hoteldutheatre.ch\/app\/uploads\/sites\/3\/2025\/08\/IMG_2694-855x1080.jpg\" data-sub-html=\"\">\n                            <div>\n                                <a href=\"#\">\n                                    <img loading=\"lazy\" decoding=\"async\" src=\"https:\/\/www.hoteldutheatre.ch\/app\/uploads\/sites\/3\/2025\/08\/IMG_2694-640x430.jpg\" class=\"width-100\" width=\"640\" height=\"430\" \/>\n                                <\/a>\n                            <\/div>\n                        <\/div>\n                                                        <\/div>\n    <\/div>\n\n","protected":false},"excerpt":{"rendered":"","protected":false},"author":1,"featured_media":0,"parent":5099,"menu_order":14,"comment_status":"closed","ping_status":"closed","template":"","meta":{"_acf_changed":false,"footnotes":""},"class_list":["post-5107","page","type-page","status-publish","hentry"],"acf":[],"aioseo_notices":[],"_links":{"self":[{"href":"https:\/\/www.hoteldutheatre.ch\/de\/wp-json\/wp\/v2\/pages\/5107","targetHints":{"allow":["GET"]}}],"collection":[{"href":"https:\/\/www.hoteldutheatre.ch\/de\/wp-json\/wp\/v2\/pages"}],"about":[{"href":"https:\/\/www.hoteldutheatre.ch\/de\/wp-json\/wp\/v2\/types\/page"}],"author":[{"embeddable":true,"href":"https:\/\/www.hoteldutheatre.ch\/de\/wp-json\/wp\/v2\/users\/1"}],"replies":[{"embeddable":true,"href":"https:\/\/www.hoteldutheatre.ch\/de\/wp-json\/wp\/v2\/comments?post=5107"}],"version-history":[{"count":2,"href":"https:\/\/www.hoteldutheatre.ch\/de\/wp-json\/wp\/v2\/pages\/5107\/revisions"}],"predecessor-version":[{"id":5128,"href":"https:\/\/www.hoteldutheatre.ch\/de\/wp-json\/wp\/v2\/pages\/5107\/revisions\/5128"}],"up":[{"embeddable":true,"href":"https:\/\/www.hoteldutheatre.ch\/de\/wp-json\/wp\/v2\/pages\/5099"}],"wp:attachment":[{"href":"https:\/\/www.hoteldutheatre.ch\/de\/wp-json\/wp\/v2\/media?parent=5107"}],"curies":[{"name":"wp","href":"https:\/\/api.w.org\/{rel}","templated":true}]}}