{"id":5082,"date":"2025-04-15T10:14:45","date_gmt":"2025-04-15T08:14:45","guid":{"rendered":"https:\/\/www.hoteldutheatre.ch\/geschaeftsreisen-unternehmen\/"},"modified":"2025-09-05T14:19:17","modified_gmt":"2025-09-05T12:19:17","slug":"geschaeftsreisen-unternehmen","status":"publish","type":"page","link":"https:\/\/www.hoteldutheatre.ch\/de\/geschaeftsreisen-unternehmen\/","title":{"rendered":"Gesch\u00e4ftsreisen \u2013 Unternehmen"},"content":{"rendered":"\n<h2 class=\"wp-block-heading has-text-align-center has-secondary-color-color has-text-color has-link-color wp-elements-48b93c30dbd9cfee7faf67ffaa749f3c\"><strong>Firmenpartnerschaften &amp; Vorzugstarife<\/strong><\/h2>\n\n\n\n<p class=\"has-text-align-center\">Kommen Sie gesch\u00e4ftlich nach Yverdon, ins Y-Parc oder in die Waadtl\u00e4nder Region?<br>Das Hotel du Th\u00e9\u00e2tre empf\u00e4ngt Sie in zentraler, ruhiger und praktischer Lage \u2013 nur 2 Gehminuten vom Bahnhof entfernt und nahe bei allen wichtigen Einrichtungen.<\/p>\n\n\n\n<div style=\"height:159px\" aria-hidden=\"true\" class=\"wp-block-spacer\"><\/div>\n\n\n\n    <\/div>\n            <section class=\"wp-block content-section frame page-section \"  style=\"\">\n            <div class=\"container\">\n                <div class=\"row\">\n                    <div class=\"col-lg-5 col-md-12 left-content \">\n                        <h4>Warum das Hotel du Th\u00e9\u00e2tre w\u00e4hlen?<\/h4>\n<ul>\n<li>2 Minuten vom Bahnhof Yverdon<\/li>\n<li>Privatparkpl\u00e4tze vor Ort<\/li>\n<li>Schnelles WLAN, vereinfachter Check-in<\/li>\n<li>Komfort und Ruhe im Stadtzentrum<\/li>\n<li>Lokales Fr\u00fchst\u00fcck inbegriffen<\/li>\n<\/ul>\n                    <\/div>\n                    <div class=\"col-lg-6 offset-lg-1 col-md-12 offset-md-0 right-content\">\n                        <div class=\"white-box parallax-el\" data-parallax-ratio=\"20\" data-parallax-speed=\"1\">\n                            <h4>Individuelle Angebote nach Ihrem Bedarf<\/h4>\n<p>Ob f\u00fcr:<\/p>\n<ul>\n<li>Einzelne \u00dcbernachtungen<\/li>\n<li>Regelm\u00e4\u00dfige Aufenthalte<\/li>\n<li>Zimmerkontingente \u00fcbers Jahr<\/li>\n<\/ul>\n<p>Wir erstellen ein Vorzugsangebot und garantieren:<\/p>\n<ul>\n<li>Fixe Tarife das ganze Jahr<\/li>\n<li>Priorisierte Betreuung<\/li>\n<li>Vereinfachte Abrechnung f\u00fcr h\u00e4ufige Aufenthalte<\/li>\n<\/ul>\n<p>&nbsp;<\/p>\n                                                                                <\/div>\n                    <\/div>\n                <\/div>\n            <\/div>\n        <\/section>\n        <div class=\"container\">\n    \n\n\n    <section class=\"wp-block page-section text-carrousel panel-color frame  \"  style=\"\" data-color=\"gold\">\n\n                    <div class=\"text-carrousel-inner\">\n                <div class=\"row row-reverse-mob row-reverse-desktop-s \">\n                    <div class=\"col-xl-6 col-lg-10 content-area\">\n                        <div class=\"white-box scroll-box parallax-el\" data-parallax-ratio=\"10\" data-parallax-speed=\"0.6\" data-scroll-speed=\"7\">\n\n                                                                                        <h2>Komfort f\u00fcr Gesch\u00e4ftsreisende<\/h2>\n                                                                                        <p>Unsere Zimmer bieten alles, was man auf Gesch\u00e4ftsreise braucht: hochwertige Betten, zuverl\u00e4ssiges WLAN, Schreibtisch, Privatparkpl\u00e4tze (kostenpflichtig), Fr\u00fchst\u00fcck ab 7:00 Uhr sowie eine Bar zum Entspannen am Abend.<\/p>\n<p>Wir bieten Vorzugstarife f\u00fcr Firmen und regelm\u00e4\u00dfige Aufenthalte sowie pers\u00f6nliche Betreuung f\u00fcr Gruppen- oder Seminaranfragen.<\/p>\n<p>&nbsp;<\/p>\n<p>\ud83d\udce9 Kontaktieren Sie uns f\u00fcr ein pers\u00f6nliches Angebot:<br \/>\n<a href=\"mailto:info@hoteldutheatre.ch\">info@hoteldutheatre.ch<\/a><br \/>\n\ud83d\udcdeOder rufen Sie uns an: <a href=\"tel:+41244246000\">+41 24 424 60 00<\/a><\/p>\n                                                                                                            <\/div>\n                    <\/div>\n                                            <div class=\"col-xl-8 offset-xl-4 col-lg-10 offset-lg-2 p-0-mob img-area\">\n                                                        <div class=\"section-slider\">\n                                                                    <div class=\"image\">\n                                        <img decoding=\"async\" src=\"https:\/\/www.hoteldutheatre.ch\/app\/uploads\/sites\/3\/2025\/08\/IMG_8395-950x640.jpg\" alt=\"\" class=\"width-100\" \/>\n                                    <\/div>\n                                                                    <div class=\"image\">\n                                        <img decoding=\"async\" src=\"https:\/\/www.hoteldutheatre.ch\/app\/uploads\/sites\/3\/2025\/08\/IMG_7578-1-950x640.jpg\" alt=\"\" class=\"width-100\" \/>\n                                    <\/div>\n                                                            <\/div>\n                        <\/div>\n                    \n                <\/div>\n            <\/div>\n            <\/section>\n\n\n\n<p><\/p>\n","protected":false},"excerpt":{"rendered":"<p>Firmenpartnerschaften &amp; Vorzugstarife Kommen Sie gesch\u00e4ftlich nach Yverdon, ins Y-Parc oder in die Waadtl\u00e4nder Region?Das Hotel du Th\u00e9\u00e2tre empf\u00e4ngt Sie in zentraler, ruhiger und praktischer Lage \u2013 nur 2 Gehminuten vom Bahnhof entfernt und nahe bei allen wichtigen Einrichtungen.<\/p>\n","protected":false},"author":9,"featured_media":4557,"parent":0,"menu_order":5,"comment_status":"closed","ping_status":"closed","template":"","meta":{"_acf_changed":false,"footnotes":""},"class_list":["post-5082","page","type-page","status-publish","has-post-thumbnail","hentry"],"acf":[],"aioseo_notices":[],"_links":{"self":[{"href":"https:\/\/www.hoteldutheatre.ch\/de\/wp-json\/wp\/v2\/pages\/5082","targetHints":{"allow":["GET"]}}],"collection":[{"href":"https:\/\/www.hoteldutheatre.ch\/de\/wp-json\/wp\/v2\/pages"}],"about":[{"href":"https:\/\/www.hoteldutheatre.ch\/de\/wp-json\/wp\/v2\/types\/page"}],"author":[{"embeddable":true,"href":"https:\/\/www.hoteldutheatre.ch\/de\/wp-json\/wp\/v2\/users\/9"}],"replies":[{"embeddable":true,"href":"https:\/\/www.hoteldutheatre.ch\/de\/wp-json\/wp\/v2\/comments?post=5082"}],"version-history":[{"count":2,"href":"https:\/\/www.hoteldutheatre.ch\/de\/wp-json\/wp\/v2\/pages\/5082\/revisions"}],"predecessor-version":[{"id":5085,"href":"https:\/\/www.hoteldutheatre.ch\/de\/wp-json\/wp\/v2\/pages\/5082\/revisions\/5085"}],"wp:featuredmedia":[{"embeddable":true,"href":"https:\/\/www.hoteldutheatre.ch\/de\/wp-json\/wp\/v2\/media\/4557"}],"wp:attachment":[{"href":"https:\/\/www.hoteldutheatre.ch\/de\/wp-json\/wp\/v2\/media?parent=5082"}],"curies":[{"name":"wp","href":"https:\/\/api.w.org\/{rel}","templated":true}]}}